{"id":233481,"date":"2024-01-14T09:51:47","date_gmt":"2024-01-14T09:51:47","guid":{"rendered":"https:\/\/andreapanzera.com\/?page_id=233481"},"modified":"2024-01-14T10:05:48","modified_gmt":"2024-01-14T10:05:48","slug":"terms-of-confidentiality","status":"publish","type":"page","link":"https:\/\/andreapanzera.com\/pt\/terms-of-confidentiality","title":{"rendered":"Termos de confidencialidade"},"content":{"rendered":"<div data-elementor-type=\"wp-page\" data-elementor-id=\"233481\" class=\"elementor elementor-233481\" data-elementor-post-type=\"page\">\n\t\t\t\t\t\t<section class=\"elementor-section elementor-top-section elementor-element elementor-element-476c0669 elementor-section-full_width elementor-section-height-min-height elementor-section-stretched elementor-section-height-default elementor-section-items-middle\" data-id=\"476c0669\" data-element_type=\"section\" data-settings=\"{&quot;stretch_section&quot;:&quot;section-stretched&quot;,&quot;background_background&quot;:&quot;classic&quot;,&quot;shape_divider_bottom&quot;:&quot;opacity-fan&quot;}\">\n\t\t\t\t\t<div class=\"elementor-shape elementor-shape-bottom\" data-negative=\"false\">\n\t\t\t<svg xmlns=\"http:\/\/www.w3.org\/2000\/svg\" viewbox=\"0 0 283.5 19.6\" preserveaspectratio=\"none\">\n\t<path class=\"elementor-shape-fill\" style=\"opacity:0.33\" d=\"M0 0L0 18.8 141.8 4.1 283.5 18.8 283.5 0z\"\/>\n\t<path class=\"elementor-shape-fill\" style=\"opacity:0.33\" d=\"M0 0L0 12.6 141.8 4 283.5 12.6 283.5 0z\"\/>\n\t<path class=\"elementor-shape-fill\" style=\"opacity:0.33\" d=\"M0 0L0 6.4 141.8 4 283.5 6.4 283.5 0z\"\/>\n\t<path class=\"elementor-shape-fill\" d=\"M0 0L0 1.2 141.8 4 283.5 1.2 283.5 0z\"\/>\n<\/svg>\t\t<\/div>\n\t\t\t\t\t<div class=\"elementor-container elementor-column-gap-default\">\n\t\t\t\t\t<div class=\"elementor-column elementor-col-100 elementor-top-column elementor-element elementor-element-7b4bddda\" data-id=\"7b4bddda\" data-element_type=\"column\">\n\t\t\t<div class=\"elementor-widget-wrap\">\n\t\t\t\t\t\t\t<\/div>\n\t\t<\/div>\n\t\t\t\t\t<\/div>\n\t\t<\/section>\n\t\t\t\t<section class=\"elementor-section elementor-top-section elementor-element elementor-element-181ceb91 elementor-section-stretched elementor-section-boxed elementor-section-height-default elementor-section-height-default\" data-id=\"181ceb91\" data-element_type=\"section\" data-settings=\"{&quot;stretch_section&quot;:&quot;section-stretched&quot;,&quot;background_background&quot;:&quot;classic&quot;,&quot;shape_divider_top&quot;:&quot;opacity-fan&quot;}\">\n\t\t\t\t\t<div class=\"elementor-shape elementor-shape-top\" data-negative=\"false\">\n\t\t\t<svg xmlns=\"http:\/\/www.w3.org\/2000\/svg\" viewbox=\"0 0 283.5 19.6\" preserveaspectratio=\"none\">\n\t<path class=\"elementor-shape-fill\" style=\"opacity:0.33\" d=\"M0 0L0 18.8 141.8 4.1 283.5 18.8 283.5 0z\"\/>\n\t<path class=\"elementor-shape-fill\" style=\"opacity:0.33\" d=\"M0 0L0 12.6 141.8 4 283.5 12.6 283.5 0z\"\/>\n\t<path class=\"elementor-shape-fill\" style=\"opacity:0.33\" d=\"M0 0L0 6.4 141.8 4 283.5 6.4 283.5 0z\"\/>\n\t<path class=\"elementor-shape-fill\" d=\"M0 0L0 1.2 141.8 4 283.5 1.2 283.5 0z\"\/>\n<\/svg>\t\t<\/div>\n\t\t\t\t\t<div class=\"elementor-container elementor-column-gap-default\">\n\t\t\t\t\t<div class=\"elementor-column elementor-col-100 elementor-top-column elementor-element elementor-element-258546f3\" data-id=\"258546f3\" data-element_type=\"column\" data-settings=\"{&quot;background_background&quot;:&quot;classic&quot;}\">\n\t\t\t<div class=\"elementor-widget-wrap elementor-element-populated\">\n\t\t\t\t\t\t<div class=\"elementor-element elementor-element-38dce68f animated-slow elementor-invisible elementor-widget elementor-widget-heading\" data-id=\"38dce68f\" data-element_type=\"widget\" data-settings=\"{&quot;_animation&quot;:&quot;fadeIn&quot;,&quot;_animation_delay&quot;:600}\" data-widget_type=\"heading.default\">\n\t\t\t\t<div class=\"elementor-widget-container\">\n\t\t\t<style>\/*! elementor - v3.21.0 - 20-05-2024 *\/\n.elementor-heading-title{padding:0;margin:0;line-height:1}.elementor-widget-heading .elementor-heading-title[class*=elementor-size-]>a{color:inherit;font-size:inherit;line-height:inherit}.elementor-widget-heading .elementor-heading-title.elementor-size-small{font-size:15px}.elementor-widget-heading .elementor-heading-title.elementor-size-medium{font-size:19px}.elementor-widget-heading .elementor-heading-title.elementor-size-large{font-size:29px}.elementor-widget-heading .elementor-heading-title.elementor-size-xl{font-size:39px}.elementor-widget-heading .elementor-heading-title.elementor-size-xxl{font-size:59px}<\/style><h2 class=\"elementor-heading-title elementor-size-default\">Termos de confidencialidade<\/h2>\t\t<\/div>\n\t\t\t\t<\/div>\n\t\t\t\t<section class=\"elementor-section elementor-inner-section elementor-element elementor-element-6e05941a elementor-section-boxed elementor-section-height-default elementor-section-height-default\" data-id=\"6e05941a\" data-element_type=\"section\">\n\t\t\t\t\t\t<div class=\"elementor-container elementor-column-gap-default\">\n\t\t\t\t\t<div class=\"elementor-column elementor-col-100 elementor-inner-column elementor-element elementor-element-69bb8813\" data-id=\"69bb8813\" data-element_type=\"column\">\n\t\t\t<div class=\"elementor-widget-wrap elementor-element-populated\">\n\t\t\t\t\t\t<div class=\"elementor-element elementor-element-6277b29a animated-fast elementor-invisible elementor-widget elementor-widget-text-editor\" data-id=\"6277b29a\" data-element_type=\"widget\" data-settings=\"{&quot;_animation_delay&quot;:100,&quot;_animation&quot;:&quot;fadeInUp&quot;}\" data-widget_type=\"text-editor.default\">\n\t\t\t\t<div class=\"elementor-widget-container\">\n\t\t\t<style>\/*! elementor - v3.21.0 - 20-05-2024 *\/\n.elementor-widget-text-editor.elementor-drop-cap-view-stacked .elementor-drop-cap{background-color:#69727d;color:#fff}.elementor-widget-text-editor.elementor-drop-cap-view-framed .elementor-drop-cap{color:#69727d;border:3px solid;background-color:transparent}.elementor-widget-text-editor:not(.elementor-drop-cap-view-default) .elementor-drop-cap{margin-top:8px}.elementor-widget-text-editor:not(.elementor-drop-cap-view-default) .elementor-drop-cap-letter{width:1em;height:1em}.elementor-widget-text-editor .elementor-drop-cap{float:left;text-align:center;line-height:1;font-size:50px}.elementor-widget-text-editor .elementor-drop-cap-letter{display:inline-block}<\/style>\t\t\t\t<h5><strong>Introdu\u00e7\u00e3o:<\/strong><\/h5><p>Bem-vindo ao andreapanzera.com, a plataforma on-line para servi\u00e7os de psican\u00e1lise prestados por Andrea Panzera. Sua privacidade e confidencialidade s\u00e3o de extrema import\u00e2ncia. Esta p\u00e1gina de Termos de Confidencialidade descreve as diretrizes e os compromissos relacionados \u00e0 prote\u00e7\u00e3o de suas informa\u00e7\u00f5es pessoais e \u00e0 confidencialidade de suas sess\u00f5es de psican\u00e1lise.<\/p><h5><strong>1. Compromisso de Privacidade:<\/strong><\/h5><p>Na andreapanzera.com, nos dedicamos a manter os mais altos padr\u00f5es de privacidade para nossos clientes. Suas informa\u00e7\u00f5es pessoais ser\u00e3o tratadas com o m\u00e1ximo de confidencialidade, em conformidade com as leis e os padr\u00f5es \u00e9ticos relevantes.<\/p><h5><strong>2. Confidencialidade das Sess\u00f5es Psicanal\u00edticas:<\/strong><\/h5><p>Todas as informa\u00e7\u00f5es compartilhadas durante as sess\u00f5es psicanal\u00edticas, sejam elas realizadas pessoalmente, por telefone ou por meio de plataformas on-line, ser\u00e3o mantidas estritamente confidenciais. Isso inclui discuss\u00f5es, avalia\u00e7\u00f5es e qualquer comunica\u00e7\u00e3o escrita ou eletr\u00f4nica trocada entre voc\u00ea e Andrea Panzera.<\/p><h5><strong>3. Exce\u00e7\u00f5es \u00e0 Confidencialidade:<\/strong><\/h5><p>Embora nosso compromisso seja o de proteger suas informa\u00e7\u00f5es, h\u00e1 limita\u00e7\u00f5es legais e \u00e9ticas para a confidencialidade. As situa\u00e7\u00f5es em que a confidencialidade pode ser violada incluem:<\/p><p>a. <strong>Dano Iminente:<\/strong> Se houver uma amea\u00e7a cr\u00edvel de dano a voc\u00ea ou a outros, a confidencialidade poder\u00e1 ser quebrada para garantir a seguran\u00e7a.<\/p><p>b. <strong>Obriga\u00e7\u00f5es Legais:<\/strong> Em conformidade com as leis aplic\u00e1veis, se houver uma ordem judicial ou exig\u00eancia legal, as informa\u00e7\u00f5es poder\u00e3o ser divulgadas.<\/p><p>c. <strong>Consulta Profissional:<\/strong> Em alguns casos, as informa\u00e7\u00f5es podem ser compartilhadas com outros profissionais de sa\u00fade mental com a finalidade de consulta profissional para melhorar a qualidade do atendimento.<\/p><h5><strong>4. Seguran\u00e7a da Comunica\u00e7\u00e3o:<\/strong><\/h5><p>Ser\u00e3o feitos esfor\u00e7os para garantir a seguran\u00e7a dos canais de comunica\u00e7\u00e3o. No entanto, \u00e9 essencial reconhecer os riscos inerentes \u00e0 comunica\u00e7\u00e3o eletr\u00f4nica. Recomendamos o uso de plataformas seguras e privadas para qualquer comunica\u00e7\u00e3o eletr\u00f4nica relacionada \u00e0s suas sess\u00f5es psicanal\u00edticas.<\/p><h5><strong>5. Armazenamento e Reten\u00e7\u00e3o de Dados:<\/strong><\/h5><p>Suas informa\u00e7\u00f5es pessoais e registros de sess\u00f5es ser\u00e3o armazenados de forma segura. Manteremos seus registros por um per\u00edodo compat\u00edvel com os requisitos legais e profissionais e os descartaremos de forma segura quando n\u00e3o forem mais necess\u00e1rios.<\/p><h5><strong>6. Consentimento informado:<\/strong><\/h5><p>Seu envolvimento com o site andreapanzera.com implica seu consentimento informado com os termos descritos neste Acordo de Confidencialidade. \u00c9 importante ler e entender esses termos antes de iniciar os servi\u00e7os psicanal\u00edticos.<\/p><h5><strong>7. Altera\u00e7\u00f5es nos Termos:<\/strong><\/h5><p>A andreapanzera.com se reserva o direito de atualizar ou modificar estes termos de confidencialidade. Quaisquer altera\u00e7\u00f5es ser\u00e3o comunicadas a voc\u00ea em tempo h\u00e1bil.<\/p><p>Ao se envolver em servi\u00e7os psicanal\u00edticos por meio do site andreapanzera.com, voc\u00ea reconhece sua compreens\u00e3o e aceita\u00e7\u00e3o destes Termos de Confidencialidade. Se tiver alguma d\u00favida ou preocupa\u00e7\u00e3o, entre em contato conosco para obter esclarecimentos. Obrigado por confiar a n\u00f3s sua sa\u00fade mental e seu bem-estar.<\/p>\t\t\t\t\t\t<\/div>\n\t\t\t\t<\/div>\n\t\t\t\t\t<\/div>\n\t\t<\/div>\n\t\t\t\t\t<\/div>\n\t\t<\/section>\n\t\t\t\t<div class=\"elementor-element elementor-element-4b397922 elementor-widget elementor-widget-button\" data-id=\"4b397922\" data-element_type=\"widget\" data-widget_type=\"button.default\">\n\t\t\t\t<div class=\"elementor-widget-container\">\n\t\t\t\t\t<div class=\"elementor-button-wrapper\">\n\t\t\t<a class=\"elementor-button elementor-button-link elementor-size-sm\" href=\"https:\/\/andreapanzera.com\/pt\/connect\/\">\n\t\t\t\t\t\t<span class=\"elementor-button-content-wrapper\">\n\t\t\t\t\t\t\t\t\t<span class=\"elementor-button-text\">Vamos nos conectar<\/span>\n\t\t\t\t\t<\/span>\n\t\t\t\t\t<\/a>\n\t\t<\/div>\n\t\t\t\t<\/div>\n\t\t\t\t<\/div>\n\t\t\t\t<div class=\"elementor-element elementor-element-3a565d70 elementor-widget elementor-widget-spacer\" data-id=\"3a565d70\" data-element_type=\"widget\" data-widget_type=\"spacer.default\">\n\t\t\t\t<div class=\"elementor-widget-container\">\n\t\t\t<style>\/*! elementor - v3.21.0 - 20-05-2024 *\/\n.elementor-column .elementor-spacer-inner{height:var(--spacer-size)}.e-con{--container-widget-width:100%}.e-con-inner>.elementor-widget-spacer,.e-con>.elementor-widget-spacer{width:var(--container-widget-width,var(--spacer-size));--align-self:var(--container-widget-align-self,initial);--flex-shrink:0}.e-con-inner>.elementor-widget-spacer>.elementor-widget-container,.e-con>.elementor-widget-spacer>.elementor-widget-container{height:100%;width:100%}.e-con-inner>.elementor-widget-spacer>.elementor-widget-container>.elementor-spacer,.e-con>.elementor-widget-spacer>.elementor-widget-container>.elementor-spacer{height:100%}.e-con-inner>.elementor-widget-spacer>.elementor-widget-container>.elementor-spacer>.elementor-spacer-inner,.e-con>.elementor-widget-spacer>.elementor-widget-container>.elementor-spacer>.elementor-spacer-inner{height:var(--container-widget-height,var(--spacer-size))}.e-con-inner>.elementor-widget-spacer.elementor-widget-empty,.e-con>.elementor-widget-spacer.elementor-widget-empty{position:relative;min-height:22px;min-width:22px}.e-con-inner>.elementor-widget-spacer.elementor-widget-empty .elementor-widget-empty-icon,.e-con>.elementor-widget-spacer.elementor-widget-empty .elementor-widget-empty-icon{position:absolute;top:0;bottom:0;left:0;right:0;margin:auto;padding:0;width:22px;height:22px}<\/style>\t\t<div class=\"elementor-spacer\">\n\t\t\t<div class=\"elementor-spacer-inner\"><\/div>\n\t\t<\/div>\n\t\t\t\t<\/div>\n\t\t\t\t<\/div>\n\t\t\t\t\t<\/div>\n\t\t<\/div>\n\t\t\t\t\t<\/div>\n\t\t<\/section>\n\t\t\t\t<\/div>","protected":false},"excerpt":{"rendered":"<p>Terms of Confidentiality Introduction: Welcome to andreapanzera.com, the online platform for psychoanalyst services provided by Andrea Panzera. Your privacy and confidentiality are of utmost importance. This Terms of Confidentiality page outlines the guidelines and commitments related to the protection of your personal information and the confidentiality of your psychoanalytic sessions. 1. Privacy Commitment: At andreapanzera.com, [&hellip;]<\/p>","protected":false},"author":1,"featured_media":0,"parent":0,"menu_order":0,"comment_status":"closed","ping_status":"closed","template":"","meta":{"site-sidebar-layout":"no-sidebar","site-content-layout":"page-builder","ast-site-content-layout":"","site-content-style":"default","site-sidebar-style":"default","ast-global-header-display":"","ast-banner-title-visibility":"","ast-main-header-display":"","ast-hfb-above-header-display":"","ast-hfb-below-header-display":"","ast-hfb-mobile-header-display":"","site-post-title":"disabled","ast-breadcrumbs-content":"","ast-featured-img":"disabled","footer-sml-layout":"","theme-transparent-header-meta":"","adv-header-id-meta":"","stick-header-meta":"","header-above-stick-meta":"","header-main-stick-meta":"","header-below-stick-meta":"","astra-migrate-meta-layouts":"default","ast-page-background-enabled":"default","ast-page-background-meta":{"desktop":{"background-color":"var(--ast-global-color-4)","background-image":"","background-repeat":"repeat","background-position":"center center","background-size":"auto","background-attachment":"scroll","background-type":"","background-media":"","overlay-type":"","overlay-color":"","overlay-gradient":""},"tablet":{"background-color":"","background-image":"","background-repeat":"repeat","background-position":"center center","background-size":"auto","background-attachment":"scroll","background-type":"","background-media":"","overlay-type":"","overlay-color":"","overlay-gradient":""},"mobile":{"background-color":"","background-image":"","background-repeat":"repeat","background-position":"center center","background-size":"auto","background-attachment":"scroll","background-type":"","background-media":"","overlay-type":"","overlay-color":"","overlay-gradient":""}},"ast-content-background-meta":{"desktop":{"background-color":"var(--ast-global-color-5)","background-image":"","background-repeat":"repeat","background-position":"center center","background-size":"auto","background-attachment":"scroll","background-type":"","background-media":"","overlay-type":"","overlay-color":"","overlay-gradient":""},"tablet":{"background-color":"var(--ast-global-color-5)","background-image":"","background-repeat":"repeat","background-position":"center center","background-size":"auto","background-attachment":"scroll","background-type":"","background-media":"","overlay-type":"","overlay-color":"","overlay-gradient":""},"mobile":{"background-color":"var(--ast-global-color-5)","background-image":"","background-repeat":"repeat","background-position":"center center","background-size":"auto","background-attachment":"scroll","background-type":"","background-media":"","overlay-type":"","overlay-color":"","overlay-gradient":""}},"footnotes":""},"class_list":["post-233481","page","type-page","status-publish","hentry"],"yoast_head":"<!-- This site is optimized with the Yoast SEO plugin v22.7 - https:\/\/yoast.com\/wordpress\/plugins\/seo\/ -->\n<title>Terms of Confidentiality - Andrea Panzera<\/title>\n<meta name=\"robots\" content=\"index, follow, max-snippet:-1, max-image-preview:large, max-video-preview:-1\" \/>\n<link rel=\"canonical\" href=\"https:\/\/andreapanzera.com\/pt\/terms-of-confidentiality\/\" \/>\n<meta property=\"og:locale\" content=\"pt_BR\" \/>\n<meta property=\"og:type\" content=\"article\" \/>\n<meta property=\"og:title\" content=\"Terms of Confidentiality - Andrea Panzera\" \/>\n<meta property=\"og:description\" content=\"Terms of Confidentiality Introduction: Welcome to andreapanzera.com, the online platform for psychoanalyst services provided by Andrea Panzera. Your privacy and confidentiality are of utmost importance. This Terms of Confidentiality page outlines the guidelines and commitments related to the protection of your personal information and the confidentiality of your psychoanalytic sessions. 1. Privacy Commitment: At andreapanzera.com, [&hellip;]\" \/>\n<meta property=\"og:url\" content=\"https:\/\/andreapanzera.com\/pt\/terms-of-confidentiality\/\" \/>\n<meta property=\"og:site_name\" content=\"Andrea Panzera\" \/>\n<meta property=\"article:modified_time\" content=\"2024-01-14T10:05:48+00:00\" \/>\n<meta name=\"twitter:card\" content=\"summary_large_image\" \/>\n<meta name=\"twitter:label1\" content=\"Est. tempo de leitura\" \/>\n\t<meta name=\"twitter:data1\" content=\"2 minutos\" \/>\n<script type=\"application\/ld+json\" class=\"yoast-schema-graph\">{\"@context\":\"https:\/\/schema.org\",\"@graph\":[{\"@type\":\"WebPage\",\"@id\":\"https:\/\/andreapanzera.com\/terms-of-confidentiality\",\"url\":\"https:\/\/andreapanzera.com\/terms-of-confidentiality\",\"name\":\"Terms of Confidentiality - Andrea Panzera\",\"isPartOf\":{\"@id\":\"https:\/\/andreapanzera.com\/#website\"},\"datePublished\":\"2024-01-14T09:51:47+00:00\",\"dateModified\":\"2024-01-14T10:05:48+00:00\",\"breadcrumb\":{\"@id\":\"https:\/\/andreapanzera.com\/terms-of-confidentiality#breadcrumb\"},\"inLanguage\":\"pt-BR\",\"potentialAction\":[{\"@type\":\"ReadAction\",\"target\":[\"https:\/\/andreapanzera.com\/terms-of-confidentiality\"]}]},{\"@type\":\"BreadcrumbList\",\"@id\":\"https:\/\/andreapanzera.com\/terms-of-confidentiality#breadcrumb\",\"itemListElement\":[{\"@type\":\"ListItem\",\"position\":1,\"name\":\"Home\",\"item\":\"https:\/\/andreapanzera.com\/\"},{\"@type\":\"ListItem\",\"position\":2,\"name\":\"Terms of Confidentiality\"}]},{\"@type\":\"WebSite\",\"@id\":\"https:\/\/andreapanzera.com\/#website\",\"url\":\"https:\/\/andreapanzera.com\/\",\"name\":\"Andrea Panzera\",\"description\":\"\",\"potentialAction\":[{\"@type\":\"SearchAction\",\"target\":{\"@type\":\"EntryPoint\",\"urlTemplate\":\"https:\/\/andreapanzera.com\/?s={search_term_string}\"},\"query-input\":\"required name=search_term_string\"}],\"inLanguage\":\"pt-BR\"}]}<\/script>\n<!-- \/ Yoast SEO plugin. -->","yoast_head_json":{"title":"Terms of Confidentiality - Andrea Panzera","robots":{"index":"index","follow":"follow","max-snippet":"max-snippet:-1","max-image-preview":"max-image-preview:large","max-video-preview":"max-video-preview:-1"},"canonical":"https:\/\/andreapanzera.com\/pt\/terms-of-confidentiality\/","og_locale":"pt_BR","og_type":"article","og_title":"Terms of Confidentiality - Andrea Panzera","og_description":"Terms of Confidentiality Introduction: Welcome to andreapanzera.com, the online platform for psychoanalyst services provided by Andrea Panzera. Your privacy and confidentiality are of utmost importance. This Terms of Confidentiality page outlines the guidelines and commitments related to the protection of your personal information and the confidentiality of your psychoanalytic sessions. 1. Privacy Commitment: At andreapanzera.com, [&hellip;]","og_url":"https:\/\/andreapanzera.com\/pt\/terms-of-confidentiality\/","og_site_name":"Andrea Panzera","article_modified_time":"2024-01-14T10:05:48+00:00","twitter_card":"summary_large_image","twitter_misc":{"Est. tempo de leitura":"2 minutos"},"schema":{"@context":"https:\/\/schema.org","@graph":[{"@type":"WebPage","@id":"https:\/\/andreapanzera.com\/terms-of-confidentiality","url":"https:\/\/andreapanzera.com\/terms-of-confidentiality","name":"Terms of Confidentiality - Andrea Panzera","isPartOf":{"@id":"https:\/\/andreapanzera.com\/#website"},"datePublished":"2024-01-14T09:51:47+00:00","dateModified":"2024-01-14T10:05:48+00:00","breadcrumb":{"@id":"https:\/\/andreapanzera.com\/terms-of-confidentiality#breadcrumb"},"inLanguage":"pt-BR","potentialAction":[{"@type":"ReadAction","target":["https:\/\/andreapanzera.com\/terms-of-confidentiality"]}]},{"@type":"BreadcrumbList","@id":"https:\/\/andreapanzera.com\/terms-of-confidentiality#breadcrumb","itemListElement":[{"@type":"ListItem","position":1,"name":"Home","item":"https:\/\/andreapanzera.com\/"},{"@type":"ListItem","position":2,"name":"Terms of Confidentiality"}]},{"@type":"WebSite","@id":"https:\/\/andreapanzera.com\/#website","url":"https:\/\/andreapanzera.com\/","name":"Andrea Panzera","description":"","potentialAction":[{"@type":"SearchAction","target":{"@type":"EntryPoint","urlTemplate":"https:\/\/andreapanzera.com\/?s={search_term_string}"},"query-input":"required name=search_term_string"}],"inLanguage":"pt-BR"}]}},"_links":{"self":[{"href":"https:\/\/andreapanzera.com\/pt\/wp-json\/wp\/v2\/pages\/233481","targetHints":{"allow":["GET"]}}],"collection":[{"href":"https:\/\/andreapanzera.com\/pt\/wp-json\/wp\/v2\/pages"}],"about":[{"href":"https:\/\/andreapanzera.com\/pt\/wp-json\/wp\/v2\/types\/page"}],"author":[{"embeddable":true,"href":"https:\/\/andreapanzera.com\/pt\/wp-json\/wp\/v2\/users\/1"}],"replies":[{"embeddable":true,"href":"https:\/\/andreapanzera.com\/pt\/wp-json\/wp\/v2\/comments?post=233481"}],"version-history":[{"count":10,"href":"https:\/\/andreapanzera.com\/pt\/wp-json\/wp\/v2\/pages\/233481\/revisions"}],"predecessor-version":[{"id":233491,"href":"https:\/\/andreapanzera.com\/pt\/wp-json\/wp\/v2\/pages\/233481\/revisions\/233491"}],"wp:attachment":[{"href":"https:\/\/andreapanzera.com\/pt\/wp-json\/wp\/v2\/media?parent=233481"}],"curies":[{"name":"wp","href":"https:\/\/api.w.org\/{rel}","templated":true}]}}