{"id":231883,"date":"2023-08-13T16:20:29","date_gmt":"2023-08-13T16:20:29","guid":{"rendered":"http:\/\/andreapanzera.com\/?page_id=231883"},"modified":"2024-01-14T19:24:14","modified_gmt":"2024-01-14T19:24:14","slug":"learning-to-meditate","status":"publish","type":"page","link":"https:\/\/andreapanzera.com\/pt\/learning-to-meditate","title":{"rendered":"APRENDENDO A MEDITAR"},"content":{"rendered":"<div data-elementor-type=\"wp-page\" data-elementor-id=\"231883\" class=\"elementor elementor-231883\" data-elementor-post-type=\"page\">\n\t\t\t\t\t\t<section class=\"elementor-section elementor-top-section elementor-element elementor-element-186e8ee6 elementor-section-full_width elementor-section-height-min-height elementor-section-stretched elementor-section-height-default elementor-section-items-middle\" data-id=\"186e8ee6\" data-element_type=\"section\" data-settings=\"{&quot;stretch_section&quot;:&quot;section-stretched&quot;,&quot;background_background&quot;:&quot;classic&quot;,&quot;shape_divider_bottom&quot;:&quot;opacity-fan&quot;}\">\n\t\t\t\t\t<div class=\"elementor-shape elementor-shape-bottom\" data-negative=\"false\">\n\t\t\t<svg xmlns=\"http:\/\/www.w3.org\/2000\/svg\" viewbox=\"0 0 283.5 19.6\" preserveaspectratio=\"none\">\n\t<path class=\"elementor-shape-fill\" style=\"opacity:0.33\" d=\"M0 0L0 18.8 141.8 4.1 283.5 18.8 283.5 0z\"\/>\n\t<path class=\"elementor-shape-fill\" style=\"opacity:0.33\" d=\"M0 0L0 12.6 141.8 4 283.5 12.6 283.5 0z\"\/>\n\t<path class=\"elementor-shape-fill\" style=\"opacity:0.33\" d=\"M0 0L0 6.4 141.8 4 283.5 6.4 283.5 0z\"\/>\n\t<path class=\"elementor-shape-fill\" d=\"M0 0L0 1.2 141.8 4 283.5 1.2 283.5 0z\"\/>\n<\/svg>\t\t<\/div>\n\t\t\t\t\t<div class=\"elementor-container elementor-column-gap-default\">\n\t\t\t\t\t<div class=\"elementor-column elementor-col-100 elementor-top-column elementor-element elementor-element-41b96a46\" data-id=\"41b96a46\" data-element_type=\"column\">\n\t\t\t<div class=\"elementor-widget-wrap\">\n\t\t\t\t\t\t\t<\/div>\n\t\t<\/div>\n\t\t\t\t\t<\/div>\n\t\t<\/section>\n\t\t\t\t<section class=\"elementor-section elementor-top-section elementor-element elementor-element-7df9b361 elementor-section-stretched elementor-section-boxed elementor-section-height-default elementor-section-height-default\" data-id=\"7df9b361\" data-element_type=\"section\" data-settings=\"{&quot;background_background&quot;:&quot;classic&quot;,&quot;stretch_section&quot;:&quot;section-stretched&quot;,&quot;shape_divider_top&quot;:&quot;opacity-fan&quot;}\">\n\t\t\t\t\t\t\t<div class=\"elementor-background-overlay\"><\/div>\n\t\t\t\t\t\t<div class=\"elementor-shape elementor-shape-top\" data-negative=\"false\">\n\t\t\t<svg xmlns=\"http:\/\/www.w3.org\/2000\/svg\" viewbox=\"0 0 283.5 19.6\" preserveaspectratio=\"none\">\n\t<path class=\"elementor-shape-fill\" style=\"opacity:0.33\" d=\"M0 0L0 18.8 141.8 4.1 283.5 18.8 283.5 0z\"\/>\n\t<path class=\"elementor-shape-fill\" style=\"opacity:0.33\" d=\"M0 0L0 12.6 141.8 4 283.5 12.6 283.5 0z\"\/>\n\t<path class=\"elementor-shape-fill\" style=\"opacity:0.33\" d=\"M0 0L0 6.4 141.8 4 283.5 6.4 283.5 0z\"\/>\n\t<path class=\"elementor-shape-fill\" d=\"M0 0L0 1.2 141.8 4 283.5 1.2 283.5 0z\"\/>\n<\/svg>\t\t<\/div>\n\t\t\t\t\t<div class=\"elementor-container elementor-column-gap-default\">\n\t\t\t\t\t<div class=\"elementor-column elementor-col-100 elementor-top-column elementor-element elementor-element-221829a2\" data-id=\"221829a2\" data-element_type=\"column\" data-settings=\"{&quot;background_background&quot;:&quot;classic&quot;}\">\n\t\t\t<div class=\"elementor-widget-wrap elementor-element-populated\">\n\t\t\t\t\t\t<section class=\"elementor-section elementor-inner-section elementor-element elementor-element-1f6ad815 elementor-section-boxed elementor-section-height-default elementor-section-height-default\" data-id=\"1f6ad815\" data-element_type=\"section\">\n\t\t\t\t\t\t<div class=\"elementor-container elementor-column-gap-default\">\n\t\t\t\t\t<div class=\"elementor-column elementor-col-100 elementor-inner-column elementor-element elementor-element-936331c\" data-id=\"936331c\" data-element_type=\"column\">\n\t\t\t<div class=\"elementor-widget-wrap elementor-element-populated\">\n\t\t\t\t\t\t<div class=\"elementor-element elementor-element-10b3174e animated-fast elementor-invisible elementor-widget elementor-widget-heading\" data-id=\"10b3174e\" data-element_type=\"widget\" data-settings=\"{&quot;_animation&quot;:&quot;fadeIn&quot;,&quot;_animation_delay&quot;:600}\" data-widget_type=\"heading.default\">\n\t\t\t\t<div class=\"elementor-widget-container\">\n\t\t\t<style>\/*! elementor - v3.21.0 - 20-05-2024 *\/\n.elementor-heading-title{padding:0;margin:0;line-height:1}.elementor-widget-heading .elementor-heading-title[class*=elementor-size-]>a{color:inherit;font-size:inherit;line-height:inherit}.elementor-widget-heading .elementor-heading-title.elementor-size-small{font-size:15px}.elementor-widget-heading .elementor-heading-title.elementor-size-medium{font-size:19px}.elementor-widget-heading .elementor-heading-title.elementor-size-large{font-size:29px}.elementor-widget-heading .elementor-heading-title.elementor-size-xl{font-size:39px}.elementor-widget-heading .elementor-heading-title.elementor-size-xxl{font-size:59px}<\/style><h2 class=\"elementor-heading-title elementor-size-default\">APRENDENDO A MEDITAR<\/h2>\t\t<\/div>\n\t\t\t\t<\/div>\n\t\t\t\t<div class=\"elementor-element elementor-element-4d1e9b36 animated-fast elementor-invisible elementor-widget elementor-widget-text-editor\" data-id=\"4d1e9b36\" data-element_type=\"widget\" data-settings=\"{&quot;_animation&quot;:&quot;fadeInDown&quot;}\" data-widget_type=\"text-editor.default\">\n\t\t\t\t<div class=\"elementor-widget-container\">\n\t\t\t<style>\/*! elementor - v3.21.0 - 20-05-2024 *\/\n.elementor-widget-text-editor.elementor-drop-cap-view-stacked .elementor-drop-cap{background-color:#69727d;color:#fff}.elementor-widget-text-editor.elementor-drop-cap-view-framed .elementor-drop-cap{color:#69727d;border:3px solid;background-color:transparent}.elementor-widget-text-editor:not(.elementor-drop-cap-view-default) .elementor-drop-cap{margin-top:8px}.elementor-widget-text-editor:not(.elementor-drop-cap-view-default) .elementor-drop-cap-letter{width:1em;height:1em}.elementor-widget-text-editor .elementor-drop-cap{float:left;text-align:center;line-height:1;font-size:50px}.elementor-widget-text-editor .elementor-drop-cap-letter{display:inline-block}<\/style>\t\t\t\t<p><strong> Descubra o equil\u00edbrio e a calma interior<\/strong><\/p>\t\t\t\t\t\t<\/div>\n\t\t\t\t<\/div>\n\t\t\t\t<div class=\"elementor-element elementor-element-1f7a0d63 animated-fast elementor-invisible elementor-widget elementor-widget-text-editor\" data-id=\"1f7a0d63\" data-element_type=\"widget\" data-settings=\"{&quot;_animation_delay&quot;:200,&quot;_animation&quot;:&quot;fadeInUp&quot;}\" data-widget_type=\"text-editor.default\">\n\t\t\t\t<div class=\"elementor-widget-container\">\n\t\t\t\t\t\t\t<p>Embarque em uma jornada transformadora de autodescoberta por meio da aten\u00e7\u00e3o plena e da medita\u00e7\u00e3o conosco. Aqui, n\u00f3s o orientamos a encontrar a calma interior que reside dentro de voc\u00ea, ajudando-o a reduzir o estresse e a abra\u00e7ar uma vida mais equilibrada e harmoniosa.\u00a0<\/p>\t\t\t\t\t\t<\/div>\n\t\t\t\t<\/div>\n\t\t\t\t\t<\/div>\n\t\t<\/div>\n\t\t\t\t\t<\/div>\n\t\t<\/section>\n\t\t\t\t<div class=\"elementor-element elementor-element-7afed27e animated-fast elementor-invisible elementor-widget elementor-widget-text-editor\" data-id=\"7afed27e\" data-element_type=\"widget\" data-settings=\"{&quot;_animation&quot;:&quot;fadeInDown&quot;}\" data-widget_type=\"text-editor.default\">\n\t\t\t\t<div class=\"elementor-widget-container\">\n\t\t\t\t\t\t\t<p><strong>Libere o poder da aten\u00e7\u00e3o plena:<\/strong><\/p>\t\t\t\t\t\t<\/div>\n\t\t\t\t<\/div>\n\t\t\t\t<div class=\"elementor-element elementor-element-2ed92673 elementor-invisible elementor-widget elementor-widget-text-editor\" data-id=\"2ed92673\" data-element_type=\"widget\" data-settings=\"{&quot;_animation_delay&quot;:600,&quot;_animation&quot;:&quot;fadeInUp&quot;}\" data-widget_type=\"text-editor.default\">\n\t\t\t\t<div class=\"elementor-widget-container\">\n\t\t\t\t\t\t\t<p>No mundo acelerado em que vivemos, a aten\u00e7\u00e3o plena atua como uma \u00e2ncora, permitindo que permane\u00e7amos presentes e totalmente engajados em cada momento. Por meio de nossas sess\u00f5es de medita\u00e7\u00e3o guiada, fornecemos a voc\u00ea as ferramentas para aproveitar esse poder profundo. Ao aprender a ter aten\u00e7\u00e3o plena, voc\u00ea descobrir\u00e1 uma sensa\u00e7\u00e3o de clareza e conex\u00e3o que enriquece suas experi\u00eancias di\u00e1rias.<\/p>\t\t\t\t\t\t<\/div>\n\t\t\t\t<\/div>\n\t\t\t\t<div class=\"elementor-element elementor-element-7e0a43f animated-fast elementor-invisible elementor-widget elementor-widget-text-editor\" data-id=\"7e0a43f\" data-element_type=\"widget\" data-settings=\"{&quot;_animation&quot;:&quot;fadeInDown&quot;}\" data-widget_type=\"text-editor.default\">\n\t\t\t\t<div class=\"elementor-widget-container\">\n\t\t\t\t\t\t\t<p><strong>Um santu\u00e1rio para redu\u00e7\u00e3o do estresse:<\/strong><\/p>\t\t\t\t\t\t<\/div>\n\t\t\t\t<\/div>\n\t\t\t\t<div class=\"elementor-element elementor-element-a941d31 elementor-invisible elementor-widget elementor-widget-text-editor\" data-id=\"a941d31\" data-element_type=\"widget\" data-settings=\"{&quot;_animation_delay&quot;:600,&quot;_animation&quot;:&quot;fadeInUp&quot;}\" data-widget_type=\"text-editor.default\">\n\t\t\t\t<div class=\"elementor-widget-container\">\n\t\t\t\t\t\t\t<p>O estresse \u00e9 uma parte inevit\u00e1vel da vida, mas a maneira como lidamos com ele faz toda a diferen\u00e7a. Nossas pr\u00e1ticas de medita\u00e7\u00e3o oferecem um santu\u00e1rio onde voc\u00ea pode liberar a tens\u00e3o que se acumula na rotina di\u00e1ria. Ao praticar a aten\u00e7\u00e3o plena, voc\u00ea desenvolver\u00e1 um poderoso escudo contra o estresse, o que lhe permitir\u00e1 enfrentar os desafios da vida com resili\u00eancia e gra\u00e7a.<\/p>\t\t\t\t\t\t<\/div>\n\t\t\t\t<\/div>\n\t\t\t\t<div class=\"elementor-element elementor-element-c653e5b animated-fast elementor-invisible elementor-widget elementor-widget-text-editor\" data-id=\"c653e5b\" data-element_type=\"widget\" data-settings=\"{&quot;_animation&quot;:&quot;fadeInDown&quot;}\" data-widget_type=\"text-editor.default\">\n\t\t\t\t<div class=\"elementor-widget-container\">\n\t\t\t\t\t\t\t<p><strong>Abrace a d\u00e1diva do equil\u00edbrio:<\/strong><\/p>\t\t\t\t\t\t<\/div>\n\t\t\t\t<\/div>\n\t\t\t\t<div class=\"elementor-element elementor-element-fdab7d8 elementor-invisible elementor-widget elementor-widget-text-editor\" data-id=\"fdab7d8\" data-element_type=\"widget\" data-settings=\"{&quot;_animation_delay&quot;:600,&quot;_animation&quot;:&quot;fadeInUp&quot;}\" data-widget_type=\"text-editor.default\">\n\t\t\t\t<div class=\"elementor-widget-container\">\n\t\t\t\t\t\t\t<p>O equil\u00edbrio \u00e9 a chave para uma vida plena, e a medita\u00e7\u00e3o \u00e9 a porta de entrada para alcan\u00e7\u00e1-lo. Ao aprender a meditar, voc\u00ea cultivar\u00e1 um senso de equil\u00edbrio que se estende a todos os aspectos do seu ser. Sua mente se tornar\u00e1 uma fonte de tranquilidade e voc\u00ea descobrir\u00e1 a beleza de harmonizar seu mundo interior com o exterior. Sua mente se tornar\u00e1 uma fonte de tranquilidade e voc\u00ea descobrir\u00e1 a beleza de harmonizar seu mundo interior com o mundo exterior, levando a uma exist\u00eancia mais alegre e gratificante.<\/p>\t\t\t\t\t\t<\/div>\n\t\t\t\t<\/div>\n\t\t\t\t<div class=\"elementor-element elementor-element-c586673 animated-fast elementor-invisible elementor-widget elementor-widget-text-editor\" data-id=\"c586673\" data-element_type=\"widget\" data-settings=\"{&quot;_animation&quot;:&quot;fadeInDown&quot;}\" data-widget_type=\"text-editor.default\">\n\t\t\t\t<div class=\"elementor-widget-container\">\n\t\t\t\t\t\t\t<p><strong>Guiado pela experi\u00eancia:<\/strong><\/p>\t\t\t\t\t\t<\/div>\n\t\t\t\t<\/div>\n\t\t\t\t<div class=\"elementor-element elementor-element-ab526e5 elementor-invisible elementor-widget elementor-widget-text-editor\" data-id=\"ab526e5\" data-element_type=\"widget\" data-settings=\"{&quot;_animation_delay&quot;:600,&quot;_animation&quot;:&quot;fadeInUp&quot;}\" data-widget_type=\"text-editor.default\">\n\t\t\t\t<div class=\"elementor-widget-container\">\n\t\t\t\t\t\t\t<p>Nossos experientes guias de medita\u00e7\u00e3o est\u00e3o aqui para apoi\u00e1-lo nessa jornada. Entendemos que o caminho de cada um \u00e9 \u00fanico e adaptamos nossos ensinamentos para encontr\u00e1-lo onde voc\u00ea est\u00e1. Quer voc\u00ea seja novo na medita\u00e7\u00e3o ou esteja procurando aprofundar a sua pr\u00e1tica, estamos empenhados em fornecer orienta\u00e7\u00e3o que tenha a ver com voc\u00ea.<\/p>\t\t\t\t\t\t<\/div>\n\t\t\t\t<\/div>\n\t\t\t\t<div class=\"elementor-element elementor-element-0fbaaef animated-fast elementor-invisible elementor-widget elementor-widget-text-editor\" data-id=\"0fbaaef\" data-element_type=\"widget\" data-settings=\"{&quot;_animation&quot;:&quot;fadeInDown&quot;}\" data-widget_type=\"text-editor.default\">\n\t\t\t\t<div class=\"elementor-widget-container\">\n\t\t\t\t\t\t\t<p><strong>Inicie sua jornada:<\/strong><\/p>\t\t\t\t\t\t<\/div>\n\t\t\t\t<\/div>\n\t\t\t\t<div class=\"elementor-element elementor-element-8313b84 elementor-invisible elementor-widget elementor-widget-text-editor\" data-id=\"8313b84\" data-element_type=\"widget\" data-settings=\"{&quot;_animation_delay&quot;:600,&quot;_animation&quot;:&quot;fadeInUp&quot;}\" data-widget_type=\"text-editor.default\">\n\t\t\t\t<div class=\"elementor-widget-container\">\n\t\t\t\t\t\t\t<p>Embarcar nessa jornada transformadora est\u00e1 a apenas um passo de dist\u00e2ncia. Ao aprender a meditar, voc\u00ea estar\u00e1 dando a si mesmo a oportunidade de prosperar no momento presente, de encontrar paz em meio ao caos e de criar uma vida definida pelo equil\u00edbrio e pela serenidade.<\/p><p>Junte-se a n\u00f3s nessa busca por calma e equil\u00edbrio interior. Juntos, vamos apreciar a beleza da aten\u00e7\u00e3o plena, enquanto voc\u00ea aprende a meditar e a revelar a riqueza que a vida tem a oferecer.<\/p><p>Oferecemos dois (2) tipos de Programa:<\/p><p><strong>1. Dez dias de reuni\u00f5es Online:<\/strong> (uma hora por dia) - cinco (5) tipos diferentes de medita\u00e7\u00e3o - iniciantes s\u00e3o muito bem-vindos Esse programa de dez dias \u00e9 oferecido on-line ou presencialmente, dependendo da localiza\u00e7\u00e3o. Pre\u00e7o on-line para a jornada de (10) dias: 250.00 Reais.  Presencial<span style=\"font-style: inherit; font-weight: inherit; color: var( --e-global-color-85acc8f );\"> sess\u00f5es ou workshops ser\u00e3o organizados entre voc\u00ea e Andrea.<\/span><\/p><p><strong>2. Sess\u00e3o de medita\u00e7\u00e3o particular:<\/strong> Medita\u00e7\u00e3o de 60 minutos + orienta\u00e7\u00e3o de medita\u00e7\u00e3o - Sess\u00f5es online 60.00 Reais Se voc\u00ea reservar mais sess\u00f5es particulares, o pre\u00e7o cair\u00e1 significativamente.<\/p><p>Andrea \u00e9 muito flex\u00edvel e ter\u00e1 o maior prazer em encontrar o melhor programa e hor\u00e1rio para voc\u00ea.<\/p>\t\t\t\t\t\t<\/div>\n\t\t\t\t<\/div>\n\t\t\t\t<div class=\"elementor-element elementor-element-8193fdd elementor-widget elementor-widget-button\" data-id=\"8193fdd\" data-element_type=\"widget\" data-widget_type=\"button.default\">\n\t\t\t\t<div class=\"elementor-widget-container\">\n\t\t\t\t\t<div class=\"elementor-button-wrapper\">\n\t\t\t<a class=\"elementor-button elementor-button-link elementor-size-sm\" href=\"https:\/\/andreapanzera.com\/pt\/connect\/\">\n\t\t\t\t\t\t<span class=\"elementor-button-content-wrapper\">\n\t\t\t\t\t\t\t\t\t<span class=\"elementor-button-text\">Vamos nos conectar<\/span>\n\t\t\t\t\t<\/span>\n\t\t\t\t\t<\/a>\n\t\t<\/div>\n\t\t\t\t<\/div>\n\t\t\t\t<\/div>\n\t\t\t\t<div class=\"elementor-element elementor-element-c8b68b6 elementor-widget elementor-widget-spacer\" data-id=\"c8b68b6\" data-element_type=\"widget\" data-widget_type=\"spacer.default\">\n\t\t\t\t<div class=\"elementor-widget-container\">\n\t\t\t<style>\/*! elementor - v3.21.0 - 20-05-2024 *\/\n.elementor-column .elementor-spacer-inner{height:var(--spacer-size)}.e-con{--container-widget-width:100%}.e-con-inner>.elementor-widget-spacer,.e-con>.elementor-widget-spacer{width:var(--container-widget-width,var(--spacer-size));--align-self:var(--container-widget-align-self,initial);--flex-shrink:0}.e-con-inner>.elementor-widget-spacer>.elementor-widget-container,.e-con>.elementor-widget-spacer>.elementor-widget-container{height:100%;width:100%}.e-con-inner>.elementor-widget-spacer>.elementor-widget-container>.elementor-spacer,.e-con>.elementor-widget-spacer>.elementor-widget-container>.elementor-spacer{height:100%}.e-con-inner>.elementor-widget-spacer>.elementor-widget-container>.elementor-spacer>.elementor-spacer-inner,.e-con>.elementor-widget-spacer>.elementor-widget-container>.elementor-spacer>.elementor-spacer-inner{height:var(--container-widget-height,var(--spacer-size))}.e-con-inner>.elementor-widget-spacer.elementor-widget-empty,.e-con>.elementor-widget-spacer.elementor-widget-empty{position:relative;min-height:22px;min-width:22px}.e-con-inner>.elementor-widget-spacer.elementor-widget-empty .elementor-widget-empty-icon,.e-con>.elementor-widget-spacer.elementor-widget-empty .elementor-widget-empty-icon{position:absolute;top:0;bottom:0;left:0;right:0;margin:auto;padding:0;width:22px;height:22px}<\/style>\t\t<div class=\"elementor-spacer\">\n\t\t\t<div class=\"elementor-spacer-inner\"><\/div>\n\t\t<\/div>\n\t\t\t\t<\/div>\n\t\t\t\t<\/div>\n\t\t\t\t\t<\/div>\n\t\t<\/div>\n\t\t\t\t\t<\/div>\n\t\t<\/section>\n\t\t\t\t<\/div>","protected":false},"excerpt":{"rendered":"<p>LEARNING TO MEDITATE Discover Inner Calm and Balance Embark on a transformative self-discovery journey through mindfulness and meditation with us. Here, we guide you in finding the inner calm that resides within, helping you reduce stress and embrace a more balanced and harmonious life.\u00a0 Unleash the Power of Mindfulness: In the fast-paced world we live [&hellip;]<\/p>","protected":false},"author":1,"featured_media":0,"parent":0,"menu_order":0,"comment_status":"closed","ping_status":"closed","template":"elementor_header_footer","meta":{"site-sidebar-layout":"no-sidebar","site-content-layout":"page-builder","ast-site-content-layout":"","site-content-style":"default","site-sidebar-style":"default","ast-global-header-display":"","ast-banner-title-visibility":"","ast-main-header-display":"","ast-hfb-above-header-display":"","ast-hfb-below-header-display":"","ast-hfb-mobile-header-display":"","site-post-title":"disabled","ast-breadcrumbs-content":"","ast-featured-img":"disabled","footer-sml-layout":"","theme-transparent-header-meta":"","adv-header-id-meta":"","stick-header-meta":"","header-above-stick-meta":"","header-main-stick-meta":"","header-below-stick-meta":"","astra-migrate-meta-layouts":"default","ast-page-background-enabled":"default","ast-page-background-meta":{"desktop":{"background-color":"var(--ast-global-color-4)","background-image":"","background-repeat":"repeat","background-position":"center center","background-size":"auto","background-attachment":"scroll","background-type":"","background-media":"","overlay-type":"","overlay-color":"","overlay-gradient":""},"tablet":{"background-color":"","background-image":"","background-repeat":"repeat","background-position":"center center","background-size":"auto","background-attachment":"scroll","background-type":"","background-media":"","overlay-type":"","overlay-color":"","overlay-gradient":""},"mobile":{"background-color":"","background-image":"","background-repeat":"repeat","background-position":"center center","background-size":"auto","background-attachment":"scroll","background-type":"","background-media":"","overlay-type":"","overlay-color":"","overlay-gradient":""}},"ast-content-background-meta":{"desktop":{"background-color":"var(--ast-global-color-5)","background-image":"","background-repeat":"repeat","background-position":"center center","background-size":"auto","background-attachment":"scroll","background-type":"","background-media":"","overlay-type":"","overlay-color":"","overlay-gradient":""},"tablet":{"background-color":"var(--ast-global-color-5)","background-image":"","background-repeat":"repeat","background-position":"center center","background-size":"auto","background-attachment":"scroll","background-type":"","background-media":"","overlay-type":"","overlay-color":"","overlay-gradient":""},"mobile":{"background-color":"var(--ast-global-color-5)","background-image":"","background-repeat":"repeat","background-position":"center center","background-size":"auto","background-attachment":"scroll","background-type":"","background-media":"","overlay-type":"","overlay-color":"","overlay-gradient":""}},"footnotes":""},"class_list":["post-231883","page","type-page","status-publish","hentry"],"yoast_head":"<!-- This site is optimized with the Yoast SEO plugin v22.7 - https:\/\/yoast.com\/wordpress\/plugins\/seo\/ -->\n<title>LEARNING TO MEDITATE - Andrea Panzera<\/title>\n<meta name=\"robots\" content=\"index, follow, max-snippet:-1, max-image-preview:large, max-video-preview:-1\" \/>\n<link rel=\"canonical\" href=\"https:\/\/andreapanzera.com\/pt\/learning-to-meditate\/\" \/>\n<meta property=\"og:locale\" content=\"pt_BR\" \/>\n<meta property=\"og:type\" content=\"article\" \/>\n<meta property=\"og:title\" content=\"LEARNING TO MEDITATE - Andrea Panzera\" \/>\n<meta property=\"og:description\" content=\"LEARNING TO MEDITATE Discover Inner Calm and Balance Embark on a transformative self-discovery journey through mindfulness and meditation with us. Here, we guide you in finding the inner calm that resides within, helping you reduce stress and embrace a more balanced and harmonious life.\u00a0 Unleash the Power of Mindfulness: In the fast-paced world we live [&hellip;]\" \/>\n<meta property=\"og:url\" content=\"https:\/\/andreapanzera.com\/pt\/learning-to-meditate\/\" \/>\n<meta property=\"og:site_name\" content=\"Andrea Panzera\" \/>\n<meta property=\"article:modified_time\" content=\"2024-01-14T19:24:14+00:00\" \/>\n<meta name=\"twitter:card\" content=\"summary_large_image\" \/>\n<meta name=\"twitter:label1\" content=\"Est. tempo de leitura\" \/>\n\t<meta name=\"twitter:data1\" content=\"3 minutos\" \/>\n<script type=\"application\/ld+json\" class=\"yoast-schema-graph\">{\"@context\":\"https:\/\/schema.org\",\"@graph\":[{\"@type\":\"WebPage\",\"@id\":\"https:\/\/andreapanzera.com\/learning-to-meditate\",\"url\":\"https:\/\/andreapanzera.com\/learning-to-meditate\",\"name\":\"LEARNING TO MEDITATE - Andrea Panzera\",\"isPartOf\":{\"@id\":\"https:\/\/andreapanzera.com\/#website\"},\"datePublished\":\"2023-08-13T16:20:29+00:00\",\"dateModified\":\"2024-01-14T19:24:14+00:00\",\"breadcrumb\":{\"@id\":\"https:\/\/andreapanzera.com\/learning-to-meditate#breadcrumb\"},\"inLanguage\":\"pt-BR\",\"potentialAction\":[{\"@type\":\"ReadAction\",\"target\":[\"https:\/\/andreapanzera.com\/learning-to-meditate\"]}]},{\"@type\":\"BreadcrumbList\",\"@id\":\"https:\/\/andreapanzera.com\/learning-to-meditate#breadcrumb\",\"itemListElement\":[{\"@type\":\"ListItem\",\"position\":1,\"name\":\"Home\",\"item\":\"https:\/\/andreapanzera.com\/\"},{\"@type\":\"ListItem\",\"position\":2,\"name\":\"LEARNING TO MEDITATE\"}]},{\"@type\":\"WebSite\",\"@id\":\"https:\/\/andreapanzera.com\/#website\",\"url\":\"https:\/\/andreapanzera.com\/\",\"name\":\"Andrea Panzera\",\"description\":\"\",\"potentialAction\":[{\"@type\":\"SearchAction\",\"target\":{\"@type\":\"EntryPoint\",\"urlTemplate\":\"https:\/\/andreapanzera.com\/?s={search_term_string}\"},\"query-input\":\"required name=search_term_string\"}],\"inLanguage\":\"pt-BR\"}]}<\/script>\n<!-- \/ Yoast SEO plugin. -->","yoast_head_json":{"title":"LEARNING TO MEDITATE - Andrea Panzera","robots":{"index":"index","follow":"follow","max-snippet":"max-snippet:-1","max-image-preview":"max-image-preview:large","max-video-preview":"max-video-preview:-1"},"canonical":"https:\/\/andreapanzera.com\/pt\/learning-to-meditate\/","og_locale":"pt_BR","og_type":"article","og_title":"LEARNING TO MEDITATE - Andrea Panzera","og_description":"LEARNING TO MEDITATE Discover Inner Calm and Balance Embark on a transformative self-discovery journey through mindfulness and meditation with us. Here, we guide you in finding the inner calm that resides within, helping you reduce stress and embrace a more balanced and harmonious life.\u00a0 Unleash the Power of Mindfulness: In the fast-paced world we live [&hellip;]","og_url":"https:\/\/andreapanzera.com\/pt\/learning-to-meditate\/","og_site_name":"Andrea Panzera","article_modified_time":"2024-01-14T19:24:14+00:00","twitter_card":"summary_large_image","twitter_misc":{"Est. tempo de leitura":"3 minutos"},"schema":{"@context":"https:\/\/schema.org","@graph":[{"@type":"WebPage","@id":"https:\/\/andreapanzera.com\/learning-to-meditate","url":"https:\/\/andreapanzera.com\/learning-to-meditate","name":"LEARNING TO MEDITATE - Andrea Panzera","isPartOf":{"@id":"https:\/\/andreapanzera.com\/#website"},"datePublished":"2023-08-13T16:20:29+00:00","dateModified":"2024-01-14T19:24:14+00:00","breadcrumb":{"@id":"https:\/\/andreapanzera.com\/learning-to-meditate#breadcrumb"},"inLanguage":"pt-BR","potentialAction":[{"@type":"ReadAction","target":["https:\/\/andreapanzera.com\/learning-to-meditate"]}]},{"@type":"BreadcrumbList","@id":"https:\/\/andreapanzera.com\/learning-to-meditate#breadcrumb","itemListElement":[{"@type":"ListItem","position":1,"name":"Home","item":"https:\/\/andreapanzera.com\/"},{"@type":"ListItem","position":2,"name":"LEARNING TO MEDITATE"}]},{"@type":"WebSite","@id":"https:\/\/andreapanzera.com\/#website","url":"https:\/\/andreapanzera.com\/","name":"Andrea Panzera","description":"","potentialAction":[{"@type":"SearchAction","target":{"@type":"EntryPoint","urlTemplate":"https:\/\/andreapanzera.com\/?s={search_term_string}"},"query-input":"required name=search_term_string"}],"inLanguage":"pt-BR"}]}},"_links":{"self":[{"href":"https:\/\/andreapanzera.com\/pt\/wp-json\/wp\/v2\/pages\/231883","targetHints":{"allow":["GET"]}}],"collection":[{"href":"https:\/\/andreapanzera.com\/pt\/wp-json\/wp\/v2\/pages"}],"about":[{"href":"https:\/\/andreapanzera.com\/pt\/wp-json\/wp\/v2\/types\/page"}],"author":[{"embeddable":true,"href":"https:\/\/andreapanzera.com\/pt\/wp-json\/wp\/v2\/users\/1"}],"replies":[{"embeddable":true,"href":"https:\/\/andreapanzera.com\/pt\/wp-json\/wp\/v2\/comments?post=231883"}],"version-history":[{"count":40,"href":"https:\/\/andreapanzera.com\/pt\/wp-json\/wp\/v2\/pages\/231883\/revisions"}],"predecessor-version":[{"id":233758,"href":"https:\/\/andreapanzera.com\/pt\/wp-json\/wp\/v2\/pages\/231883\/revisions\/233758"}],"wp:attachment":[{"href":"https:\/\/andreapanzera.com\/pt\/wp-json\/wp\/v2\/media?parent=231883"}],"curies":[{"name":"wp","href":"https:\/\/api.w.org\/{rel}","templated":true}]}}