{"id":231872,"date":"2023-08-13T15:48:25","date_gmt":"2023-08-13T15:48:25","guid":{"rendered":"http:\/\/andreapanzera.com\/?page_id=231872"},"modified":"2024-05-06T22:12:02","modified_gmt":"2024-05-06T22:12:02","slug":"become-oceanic","status":"publish","type":"page","link":"https:\/\/andreapanzera.com\/pt\/become-oceanic","title":{"rendered":"BECOME OCEANIC"},"content":{"rendered":"<div data-elementor-type=\"wp-page\" data-elementor-id=\"231872\" class=\"elementor elementor-231872\" data-elementor-post-type=\"page\">\n\t\t\t\t\t\t<section class=\"elementor-section elementor-top-section elementor-element elementor-element-186e8ee6 elementor-section-full_width elementor-section-height-min-height elementor-section-stretched elementor-section-height-default elementor-section-items-middle\" data-id=\"186e8ee6\" data-element_type=\"section\" data-settings=\"{&quot;stretch_section&quot;:&quot;section-stretched&quot;,&quot;background_background&quot;:&quot;classic&quot;,&quot;shape_divider_bottom&quot;:&quot;opacity-fan&quot;}\">\n\t\t\t\t\t\t\t<div class=\"elementor-background-overlay\"><\/div>\n\t\t\t\t\t\t<div class=\"elementor-shape elementor-shape-bottom\" data-negative=\"false\">\n\t\t\t<svg xmlns=\"http:\/\/www.w3.org\/2000\/svg\" viewbox=\"0 0 283.5 19.6\" preserveaspectratio=\"none\">\n\t<path class=\"elementor-shape-fill\" style=\"opacity:0.33\" d=\"M0 0L0 18.8 141.8 4.1 283.5 18.8 283.5 0z\"\/>\n\t<path class=\"elementor-shape-fill\" style=\"opacity:0.33\" d=\"M0 0L0 12.6 141.8 4 283.5 12.6 283.5 0z\"\/>\n\t<path class=\"elementor-shape-fill\" style=\"opacity:0.33\" d=\"M0 0L0 6.4 141.8 4 283.5 6.4 283.5 0z\"\/>\n\t<path class=\"elementor-shape-fill\" d=\"M0 0L0 1.2 141.8 4 283.5 1.2 283.5 0z\"\/>\n<\/svg>\t\t<\/div>\n\t\t\t\t\t<div class=\"elementor-container elementor-column-gap-default\">\n\t\t\t\t\t<div class=\"elementor-column elementor-col-100 elementor-top-column elementor-element elementor-element-41b96a46\" data-id=\"41b96a46\" data-element_type=\"column\">\n\t\t\t<div class=\"elementor-widget-wrap\">\n\t\t\t\t\t\t\t<\/div>\n\t\t<\/div>\n\t\t\t\t\t<\/div>\n\t\t<\/section>\n\t\t\t\t<section class=\"elementor-section elementor-top-section elementor-element elementor-element-7df9b361 elementor-section-stretched elementor-section-boxed elementor-section-height-default elementor-section-height-default\" data-id=\"7df9b361\" data-element_type=\"section\" data-settings=\"{&quot;background_background&quot;:&quot;classic&quot;,&quot;stretch_section&quot;:&quot;section-stretched&quot;,&quot;shape_divider_top&quot;:&quot;opacity-fan&quot;}\">\n\t\t\t\t\t\t\t<div class=\"elementor-background-overlay\"><\/div>\n\t\t\t\t\t\t<div class=\"elementor-shape elementor-shape-top\" data-negative=\"false\">\n\t\t\t<svg xmlns=\"http:\/\/www.w3.org\/2000\/svg\" viewbox=\"0 0 283.5 19.6\" preserveaspectratio=\"none\">\n\t<path class=\"elementor-shape-fill\" style=\"opacity:0.33\" d=\"M0 0L0 18.8 141.8 4.1 283.5 18.8 283.5 0z\"\/>\n\t<path class=\"elementor-shape-fill\" style=\"opacity:0.33\" d=\"M0 0L0 12.6 141.8 4 283.5 12.6 283.5 0z\"\/>\n\t<path class=\"elementor-shape-fill\" style=\"opacity:0.33\" d=\"M0 0L0 6.4 141.8 4 283.5 6.4 283.5 0z\"\/>\n\t<path class=\"elementor-shape-fill\" d=\"M0 0L0 1.2 141.8 4 283.5 1.2 283.5 0z\"\/>\n<\/svg>\t\t<\/div>\n\t\t\t\t\t<div class=\"elementor-container elementor-column-gap-default\">\n\t\t\t\t\t<div class=\"elementor-column elementor-col-100 elementor-top-column elementor-element elementor-element-221829a2\" data-id=\"221829a2\" data-element_type=\"column\" data-settings=\"{&quot;background_background&quot;:&quot;classic&quot;}\">\n\t\t\t<div class=\"elementor-widget-wrap elementor-element-populated\">\n\t\t\t\t\t\t<section class=\"elementor-section elementor-inner-section elementor-element elementor-element-1f6ad815 elementor-section-boxed elementor-section-height-default elementor-section-height-default\" data-id=\"1f6ad815\" data-element_type=\"section\">\n\t\t\t\t\t\t<div class=\"elementor-container elementor-column-gap-default\">\n\t\t\t\t\t<div class=\"elementor-column elementor-col-100 elementor-inner-column elementor-element elementor-element-936331c\" data-id=\"936331c\" data-element_type=\"column\">\n\t\t\t<div class=\"elementor-widget-wrap elementor-element-populated\">\n\t\t\t\t\t\t<div class=\"elementor-element elementor-element-10b3174e animated-fast elementor-invisible elementor-widget elementor-widget-heading\" data-id=\"10b3174e\" data-element_type=\"widget\" data-settings=\"{&quot;_animation&quot;:&quot;fadeIn&quot;,&quot;_animation_delay&quot;:600}\" data-widget_type=\"heading.default\">\n\t\t\t\t<div class=\"elementor-widget-container\">\n\t\t\t<style>\/*! elementor - v3.21.0 - 20-05-2024 *\/\n.elementor-heading-title{padding:0;margin:0;line-height:1}.elementor-widget-heading .elementor-heading-title[class*=elementor-size-]>a{color:inherit;font-size:inherit;line-height:inherit}.elementor-widget-heading .elementor-heading-title.elementor-size-small{font-size:15px}.elementor-widget-heading .elementor-heading-title.elementor-size-medium{font-size:19px}.elementor-widget-heading .elementor-heading-title.elementor-size-large{font-size:29px}.elementor-widget-heading .elementor-heading-title.elementor-size-xl{font-size:39px}.elementor-widget-heading .elementor-heading-title.elementor-size-xxl{font-size:59px}<\/style><h2 class=\"elementor-heading-title elementor-size-default\">Torne-se Oceanic<\/h2>\t\t<\/div>\n\t\t\t\t<\/div>\n\t\t\t\t<div class=\"elementor-element elementor-element-4d1e9b36 animated-fast elementor-invisible elementor-widget elementor-widget-text-editor\" data-id=\"4d1e9b36\" data-element_type=\"widget\" data-settings=\"{&quot;_animation&quot;:&quot;fadeInDown&quot;}\" data-widget_type=\"text-editor.default\">\n\t\t\t\t<div class=\"elementor-widget-container\">\n\t\t\t<style>\/*! elementor - v3.21.0 - 20-05-2024 *\/\n.elementor-widget-text-editor.elementor-drop-cap-view-stacked .elementor-drop-cap{background-color:#69727d;color:#fff}.elementor-widget-text-editor.elementor-drop-cap-view-framed .elementor-drop-cap{color:#69727d;border:3px solid;background-color:transparent}.elementor-widget-text-editor:not(.elementor-drop-cap-view-default) .elementor-drop-cap{margin-top:8px}.elementor-widget-text-editor:not(.elementor-drop-cap-view-default) .elementor-drop-cap-letter{width:1em;height:1em}.elementor-widget-text-editor .elementor-drop-cap{float:left;text-align:center;line-height:1;font-size:50px}.elementor-widget-text-editor .elementor-drop-cap-letter{display:inline-block}<\/style>\t\t\t\t<p><strong>Mergulhe no mundo de \"Torne-se Oceanic\" e da metapsican\u00e1lise<\/strong><\/p>\t\t\t\t\t\t<\/div>\n\t\t\t\t<\/div>\n\t\t\t\t<div class=\"elementor-element elementor-element-1f7a0d63 animated-fast elementor-invisible elementor-widget elementor-widget-text-editor\" data-id=\"1f7a0d63\" data-element_type=\"widget\" data-settings=\"{&quot;_animation_delay&quot;:200,&quot;_animation&quot;:&quot;fadeInUp&quot;}\" data-widget_type=\"text-editor.default\">\n\t\t\t\t<div class=\"elementor-widget-container\">\n\t\t\t\t\t\t\t<p>\"Torne-se Oceanic\" n\u00e3o \u00e9 apenas uma frase; \u00e9 a porta de entrada para um programa pedag\u00f3gico hol\u00edstico que combina a sabedoria da psican\u00e1lise com perspectivas inovadoras, ao mesmo tempo em que abra\u00e7a o valor org\u00e2nico da vasta met\u00e1fora oce\u00e2nica. Esse programa representa uma jornada transformadora, uma narrativa terap\u00eautica sin\u00e9rgica que tem o potencial de remodelar nossa compreens\u00e3o do eu e da sociedade.<\/p>\t\t\t\t\t\t<\/div>\n\t\t\t\t<\/div>\n\t\t\t\t\t<\/div>\n\t\t<\/div>\n\t\t\t\t\t<\/div>\n\t\t<\/section>\n\t\t\t\t<div class=\"elementor-element elementor-element-7afed27e animated-fast elementor-invisible elementor-widget elementor-widget-text-editor\" data-id=\"7afed27e\" data-element_type=\"widget\" data-settings=\"{&quot;_animation&quot;:&quot;fadeInDown&quot;}\" data-widget_type=\"text-editor.default\">\n\t\t\t\t<div class=\"elementor-widget-container\">\n\t\t\t\t\t\t\t<p><strong>Revelando a metapsican\u00e1lise:<\/strong><\/p>\t\t\t\t\t\t<\/div>\n\t\t\t\t<\/div>\n\t\t\t\t<div class=\"elementor-element elementor-element-2ed92673 elementor-invisible elementor-widget elementor-widget-text-editor\" data-id=\"2ed92673\" data-element_type=\"widget\" data-settings=\"{&quot;_animation_delay&quot;:600,&quot;_animation&quot;:&quot;fadeInUp&quot;}\" data-widget_type=\"text-editor.default\">\n\t\t\t\t<div class=\"elementor-widget-container\">\n\t\t\t\t\t\t\t<p>Ao nos aventurarmos \"Al\u00e9m, Depois e Atr\u00e1s\" dos dom\u00ednios da psican\u00e1lise, apresentamos a voc\u00ea um novo conceito: Metapsican\u00e1lise. Trata-se de uma explora\u00e7\u00e3o das profundezas internas, uma busca de autoconhecimento que transcende os limites tradicionais das abordagens terap\u00eauticas. Esse esfor\u00e7o hol\u00edstico tem implica\u00e7\u00f5es de longo alcance, n\u00e3o apenas para o crescimento pessoal, mas para nossa sociedade como um todo. Andrea Panzera \u00e9 mestre em psican\u00e1lise e, em sua tese, a Academia reconheceu a import\u00e2ncia da cria\u00e7\u00e3o de Andrea e a necessidade de inovar na nova abordagem metapsicanal\u00edtica em <strong>psicoterapia caminho hol\u00edstico &amp; pesquisa acad\u00eamica cient\u00edfica<\/strong>.<\/p>\t\t\t\t\t\t<\/div>\n\t\t\t\t<\/div>\n\t\t\t\t<div class=\"elementor-element elementor-element-7e0a43f animated-fast elementor-invisible elementor-widget elementor-widget-text-editor\" data-id=\"7e0a43f\" data-element_type=\"widget\" data-settings=\"{&quot;_animation&quot;:&quot;fadeInDown&quot;}\" data-widget_type=\"text-editor.default\">\n\t\t\t\t<div class=\"elementor-widget-container\">\n\t\t\t\t\t\t\t<p><strong>Uma arma contra a exclus\u00e3o social:<\/strong><\/p>\t\t\t\t\t\t<\/div>\n\t\t\t\t<\/div>\n\t\t\t\t<div class=\"elementor-element elementor-element-a941d31 elementor-invisible elementor-widget elementor-widget-text-editor\" data-id=\"a941d31\" data-element_type=\"widget\" data-settings=\"{&quot;_animation_delay&quot;:600,&quot;_animation&quot;:&quot;fadeInUp&quot;}\" data-widget_type=\"text-editor.default\">\n\t\t\t\t<div class=\"elementor-widget-container\">\n\t\t\t\t\t\t\t<p>Em diversos contextos educacionais socioculturais, o conhecimento adquirido com a metapsican\u00e1lise pode ser uma ferramenta poderosa para evitar a exclus\u00e3o social. Ao compreender os meandros de nosso \"DNA\" social e os padr\u00f5es de comportamento, abrimos portas para a inova\u00e7\u00e3o e a atualiza\u00e7\u00e3o de nossos mecanismos sociais. \u00c9 uma abordagem proativa, enraizada na autoconsci\u00eancia, com o objetivo de moldar um futuro mais inclusivo e harmonioso.<\/p>\t\t\t\t\t\t<\/div>\n\t\t\t\t<\/div>\n\t\t\t\t<div class=\"elementor-element elementor-element-c653e5b animated-fast elementor-invisible elementor-widget elementor-widget-text-editor\" data-id=\"c653e5b\" data-element_type=\"widget\" data-settings=\"{&quot;_animation&quot;:&quot;fadeInDown&quot;}\" data-widget_type=\"text-editor.default\">\n\t\t\t\t<div class=\"elementor-widget-container\">\n\t\t\t\t\t\t\t<p><strong>A experi\u00eancia \"Torne-se Oceanic\":<\/strong><\/p>\t\t\t\t\t\t<\/div>\n\t\t\t\t<\/div>\n\t\t\t\t<div class=\"elementor-element elementor-element-fdab7d8 elementor-invisible elementor-widget elementor-widget-text-editor\" data-id=\"fdab7d8\" data-element_type=\"widget\" data-settings=\"{&quot;_animation_delay&quot;:600,&quot;_animation&quot;:&quot;fadeInUp&quot;}\" data-widget_type=\"text-editor.default\">\n\t\t\t\t<div class=\"elementor-widget-container\">\n\t\t\t\t\t\t\t<p>Nosso programa, \"Torne-se Oceanic\", foi criado para capacit\u00e1-lo com as percep\u00e7\u00f5es e ferramentas necess\u00e1rias para abra\u00e7ar a met\u00e1fora oce\u00e2nica. \u00c9 uma jornada transformadora, um compromisso de tr\u00eas meses que o leva pelos dom\u00ednios da Metapsican\u00e1lise. Por meio de sess\u00f5es semanais, exploramos, refletimos e desvendamos as camadas do seu ser, orientando-o para uma compreens\u00e3o mais profunda de si mesmo e da sociedade.<\/p>\t\t\t\t\t\t<\/div>\n\t\t\t\t<\/div>\n\t\t\t\t<div class=\"elementor-element elementor-element-c586673 animated-fast elementor-invisible elementor-widget elementor-widget-text-editor\" data-id=\"c586673\" data-element_type=\"widget\" data-settings=\"{&quot;_animation&quot;:&quot;fadeInDown&quot;}\" data-widget_type=\"text-editor.default\">\n\t\t\t\t<div class=\"elementor-widget-container\">\n\t\t\t\t\t\t\t<p><strong>O pre\u00e7o da transforma\u00e7\u00e3o:<\/strong><\/p>\t\t\t\t\t\t<\/div>\n\t\t\t\t<\/div>\n\t\t\t\t<div class=\"elementor-element elementor-element-ab526e5 elementor-invisible elementor-widget elementor-widget-text-editor\" data-id=\"ab526e5\" data-element_type=\"widget\" data-settings=\"{&quot;_animation_delay&quot;:600,&quot;_animation&quot;:&quot;fadeInUp&quot;}\" data-widget_type=\"text-editor.default\">\n\t\t\t\t<div class=\"elementor-widget-container\">\n\t\t\t\t\t\t\t<p>O pre\u00e7o dessa experi\u00eancia transformadora \u00e9 de 725.00 Reais por tr\u00eas meses, com sess\u00f5es semanais. Acreditamos no valor dessa jornada e temos o compromisso de torn\u00e1-la acess\u00edvel \u00e0queles que est\u00e3o prontos para embarcar nesse caminho. Observe que \u00e9 recomend\u00e1vel ter uma experi\u00eancia pr\u00e9via em abordagem terap\u00eautica e um apre\u00e7o por narrativas hol\u00edsticas, pois isso enriquece a profundidade de nossa explora\u00e7\u00e3o.<\/p>\t\t\t\t\t\t<\/div>\n\t\t\t\t<\/div>\n\t\t\t\t<div class=\"elementor-element elementor-element-0fbaaef animated-fast elementor-invisible elementor-widget elementor-widget-text-editor\" data-id=\"0fbaaef\" data-element_type=\"widget\" data-settings=\"{&quot;_animation&quot;:&quot;fadeInDown&quot;}\" data-widget_type=\"text-editor.default\">\n\t\t\t\t<div class=\"elementor-widget-container\">\n\t\t\t\t\t\t\t<p><strong>Juntos Constru\u00edmos:<\/strong><\/p>\t\t\t\t\t\t<\/div>\n\t\t\t\t<\/div>\n\t\t\t\t<div class=\"elementor-element elementor-element-8313b84 elementor-invisible elementor-widget elementor-widget-text-editor\" data-id=\"8313b84\" data-element_type=\"widget\" data-settings=\"{&quot;_animation_delay&quot;:600,&quot;_animation&quot;:&quot;fadeInUp&quot;}\" data-widget_type=\"text-editor.default\">\n\t\t\t\t<div class=\"elementor-widget-container\">\n\t\t\t\t\t\t\t<p>\u201cN\u00f3s Criamos Unifica\u00e7\u00e3o\u2019\u2019\u2019, e isso n\u00e3o \u00e9 apenas uma frase - \u00e9 o nosso princ\u00edpio orientador. \u00c0 medida que voc\u00ea se aprofunda no <strong>\"Torne-se Oceanic\"<\/strong> Ao participar do programa de treinamento, voc\u00ea se torna parte de uma comunidade que compartilha uma vis\u00e3o de autodescoberta, harmonia social e crescimento. N\u00e3o hesite em entrar em contato para obter mais informa\u00e7\u00f5es; estamos realmente animados para ouvi-lo e explorar essa jornada transformadora juntos.<\/p><p>Prepare-se para mergulhar fundo, explorar o desconhecido e emergir como uma vers\u00e3o mais oce\u00e2nica, conectada e capacitada de si mesmo. O mundo da Metapsican\u00e1lise est\u00e1 esperando por voc\u00ea.<\/p><p>\"Become Oceanic\" oferece um generoso programa de tr\u00eas meses (24) vinte e quatro sess\u00f5es (2) duas sess\u00f5es por semana, 60 min (uma hora) cada se\u00e7\u00e3o; um processo intensivo de cura: s\u00e3o oferecidas sess\u00f5es on-line ou presenciais.<\/p><p>Andrea Panzera criou <strong>Metapsican\u00e1lise<\/strong> para romper paradigmas psicanal\u00edticos, cumprir com muito amor e compaix\u00e3o ensinados e por meio dos caminhos de cura e descobertas - Bela e Hol\u00edstica - ela tem o prazer de lhe fornecer mais informa\u00e7\u00f5es a respeito das camadas criativas e inovadoras de autodescobertas<\/p>\t\t\t\t\t\t<\/div>\n\t\t\t\t<\/div>\n\t\t\t\t<div class=\"elementor-element elementor-element-8193fdd elementor-widget elementor-widget-button\" data-id=\"8193fdd\" data-element_type=\"widget\" data-widget_type=\"button.default\">\n\t\t\t\t<div class=\"elementor-widget-container\">\n\t\t\t\t\t<div class=\"elementor-button-wrapper\">\n\t\t\t<a class=\"elementor-button elementor-button-link elementor-size-sm\" href=\"https:\/\/andreapanzera.com\/pt\/connect\/\">\n\t\t\t\t\t\t<span class=\"elementor-button-content-wrapper\">\n\t\t\t\t\t\t\t\t\t<span class=\"elementor-button-text\">Vamos nos conectar<\/span>\n\t\t\t\t\t<\/span>\n\t\t\t\t\t<\/a>\n\t\t<\/div>\n\t\t\t\t<\/div>\n\t\t\t\t<\/div>\n\t\t\t\t<div class=\"elementor-element elementor-element-c8b68b6 elementor-widget elementor-widget-spacer\" data-id=\"c8b68b6\" data-element_type=\"widget\" data-widget_type=\"spacer.default\">\n\t\t\t\t<div class=\"elementor-widget-container\">\n\t\t\t<style>\/*! elementor - v3.21.0 - 20-05-2024 *\/\n.elementor-column .elementor-spacer-inner{height:var(--spacer-size)}.e-con{--container-widget-width:100%}.e-con-inner>.elementor-widget-spacer,.e-con>.elementor-widget-spacer{width:var(--container-widget-width,var(--spacer-size));--align-self:var(--container-widget-align-self,initial);--flex-shrink:0}.e-con-inner>.elementor-widget-spacer>.elementor-widget-container,.e-con>.elementor-widget-spacer>.elementor-widget-container{height:100%;width:100%}.e-con-inner>.elementor-widget-spacer>.elementor-widget-container>.elementor-spacer,.e-con>.elementor-widget-spacer>.elementor-widget-container>.elementor-spacer{height:100%}.e-con-inner>.elementor-widget-spacer>.elementor-widget-container>.elementor-spacer>.elementor-spacer-inner,.e-con>.elementor-widget-spacer>.elementor-widget-container>.elementor-spacer>.elementor-spacer-inner{height:var(--container-widget-height,var(--spacer-size))}.e-con-inner>.elementor-widget-spacer.elementor-widget-empty,.e-con>.elementor-widget-spacer.elementor-widget-empty{position:relative;min-height:22px;min-width:22px}.e-con-inner>.elementor-widget-spacer.elementor-widget-empty .elementor-widget-empty-icon,.e-con>.elementor-widget-spacer.elementor-widget-empty .elementor-widget-empty-icon{position:absolute;top:0;bottom:0;left:0;right:0;margin:auto;padding:0;width:22px;height:22px}<\/style>\t\t<div class=\"elementor-spacer\">\n\t\t\t<div class=\"elementor-spacer-inner\"><\/div>\n\t\t<\/div>\n\t\t\t\t<\/div>\n\t\t\t\t<\/div>\n\t\t\t\t\t<\/div>\n\t\t<\/div>\n\t\t\t\t\t<\/div>\n\t\t<\/section>\n\t\t\t\t<\/div>","protected":false},"excerpt":{"rendered":"<p>Become Oceanic Dive into the World of &#8220;Become Oceanic&#8221; and Metapsychoanalysis &#8220;Become Oceanic&#8221; is not just a phrase; it&#8217;s the gateway to a holistic pedagogical program that blends the wisdom of psychoanalysis with innovative perspectives, all while embracing the organic value of the vast oceanic metaphor. This program represents a transformative journey, a synergetic therapeutic [&hellip;]<\/p>","protected":false},"author":1,"featured_media":0,"parent":0,"menu_order":0,"comment_status":"closed","ping_status":"closed","template":"elementor_header_footer","meta":{"site-sidebar-layout":"no-sidebar","site-content-layout":"page-builder","ast-site-content-layout":"","site-content-style":"default","site-sidebar-style":"default","ast-global-header-display":"","ast-banner-title-visibility":"","ast-main-header-display":"","ast-hfb-above-header-display":"","ast-hfb-below-header-display":"","ast-hfb-mobile-header-display":"","site-post-title":"disabled","ast-breadcrumbs-content":"","ast-featured-img":"disabled","footer-sml-layout":"","theme-transparent-header-meta":"","adv-header-id-meta":"","stick-header-meta":"","header-above-stick-meta":"","header-main-stick-meta":"","header-below-stick-meta":"","astra-migrate-meta-layouts":"default","ast-page-background-enabled":"default","ast-page-background-meta":{"desktop":{"background-color":"var(--ast-global-color-4)","background-image":"","background-repeat":"repeat","background-position":"center center","background-size":"auto","background-attachment":"scroll","background-type":"","background-media":"","overlay-type":"","overlay-color":"","overlay-gradient":""},"tablet":{"background-color":"","background-image":"","background-repeat":"repeat","background-position":"center center","background-size":"auto","background-attachment":"scroll","background-type":"","background-media":"","overlay-type":"","overlay-color":"","overlay-gradient":""},"mobile":{"background-color":"","background-image":"","background-repeat":"repeat","background-position":"center center","background-size":"auto","background-attachment":"scroll","background-type":"","background-media":"","overlay-type":"","overlay-color":"","overlay-gradient":""}},"ast-content-background-meta":{"desktop":{"background-color":"var(--ast-global-color-5)","background-image":"","background-repeat":"repeat","background-position":"center center","background-size":"auto","background-attachment":"scroll","background-type":"","background-media":"","overlay-type":"","overlay-color":"","overlay-gradient":""},"tablet":{"background-color":"var(--ast-global-color-5)","background-image":"","background-repeat":"repeat","background-position":"center center","background-size":"auto","background-attachment":"scroll","background-type":"","background-media":"","overlay-type":"","overlay-color":"","overlay-gradient":""},"mobile":{"background-color":"var(--ast-global-color-5)","background-image":"","background-repeat":"repeat","background-position":"center center","background-size":"auto","background-attachment":"scroll","background-type":"","background-media":"","overlay-type":"","overlay-color":"","overlay-gradient":""}},"footnotes":""},"class_list":["post-231872","page","type-page","status-publish","hentry"],"yoast_head":"<!-- This site is optimized with the Yoast SEO plugin v22.7 - https:\/\/yoast.com\/wordpress\/plugins\/seo\/ -->\n<title>BECOME OCEANIC - Andrea Panzera<\/title>\n<meta name=\"robots\" content=\"index, follow, max-snippet:-1, max-image-preview:large, max-video-preview:-1\" \/>\n<link rel=\"canonical\" href=\"https:\/\/andreapanzera.com\/pt\/become-oceanic\/\" \/>\n<meta property=\"og:locale\" content=\"pt_BR\" \/>\n<meta property=\"og:type\" content=\"article\" \/>\n<meta property=\"og:title\" content=\"BECOME OCEANIC - Andrea Panzera\" \/>\n<meta property=\"og:description\" content=\"Become Oceanic Dive into the World of &#8220;Become Oceanic&#8221; and Metapsychoanalysis &#8220;Become Oceanic&#8221; is not just a phrase; it&#8217;s the gateway to a holistic pedagogical program that blends the wisdom of psychoanalysis with innovative perspectives, all while embracing the organic value of the vast oceanic metaphor. This program represents a transformative journey, a synergetic therapeutic [&hellip;]\" \/>\n<meta property=\"og:url\" content=\"https:\/\/andreapanzera.com\/pt\/become-oceanic\/\" \/>\n<meta property=\"og:site_name\" content=\"Andrea Panzera\" \/>\n<meta property=\"article:modified_time\" content=\"2024-05-06T22:12:02+00:00\" \/>\n<meta name=\"twitter:card\" content=\"summary_large_image\" \/>\n<meta name=\"twitter:label1\" content=\"Est. tempo de leitura\" \/>\n\t<meta name=\"twitter:data1\" content=\"3 minutos\" \/>\n<script type=\"application\/ld+json\" class=\"yoast-schema-graph\">{\"@context\":\"https:\/\/schema.org\",\"@graph\":[{\"@type\":\"WebPage\",\"@id\":\"https:\/\/andreapanzera.com\/become-oceanic\",\"url\":\"https:\/\/andreapanzera.com\/become-oceanic\",\"name\":\"BECOME OCEANIC - Andrea Panzera\",\"isPartOf\":{\"@id\":\"https:\/\/andreapanzera.com\/#website\"},\"datePublished\":\"2023-08-13T15:48:25+00:00\",\"dateModified\":\"2024-05-06T22:12:02+00:00\",\"breadcrumb\":{\"@id\":\"https:\/\/andreapanzera.com\/become-oceanic#breadcrumb\"},\"inLanguage\":\"pt-BR\",\"potentialAction\":[{\"@type\":\"ReadAction\",\"target\":[\"https:\/\/andreapanzera.com\/become-oceanic\"]}]},{\"@type\":\"BreadcrumbList\",\"@id\":\"https:\/\/andreapanzera.com\/become-oceanic#breadcrumb\",\"itemListElement\":[{\"@type\":\"ListItem\",\"position\":1,\"name\":\"Home\",\"item\":\"https:\/\/andreapanzera.com\/\"},{\"@type\":\"ListItem\",\"position\":2,\"name\":\"BECOME OCEANIC\"}]},{\"@type\":\"WebSite\",\"@id\":\"https:\/\/andreapanzera.com\/#website\",\"url\":\"https:\/\/andreapanzera.com\/\",\"name\":\"Andrea Panzera\",\"description\":\"\",\"potentialAction\":[{\"@type\":\"SearchAction\",\"target\":{\"@type\":\"EntryPoint\",\"urlTemplate\":\"https:\/\/andreapanzera.com\/?s={search_term_string}\"},\"query-input\":\"required name=search_term_string\"}],\"inLanguage\":\"pt-BR\"}]}<\/script>\n<!-- \/ Yoast SEO plugin. -->","yoast_head_json":{"title":"BECOME OCEANIC - Andrea Panzera","robots":{"index":"index","follow":"follow","max-snippet":"max-snippet:-1","max-image-preview":"max-image-preview:large","max-video-preview":"max-video-preview:-1"},"canonical":"https:\/\/andreapanzera.com\/pt\/become-oceanic\/","og_locale":"pt_BR","og_type":"article","og_title":"BECOME OCEANIC - Andrea Panzera","og_description":"Become Oceanic Dive into the World of &#8220;Become Oceanic&#8221; and Metapsychoanalysis &#8220;Become Oceanic&#8221; is not just a phrase; it&#8217;s the gateway to a holistic pedagogical program that blends the wisdom of psychoanalysis with innovative perspectives, all while embracing the organic value of the vast oceanic metaphor. This program represents a transformative journey, a synergetic therapeutic [&hellip;]","og_url":"https:\/\/andreapanzera.com\/pt\/become-oceanic\/","og_site_name":"Andrea Panzera","article_modified_time":"2024-05-06T22:12:02+00:00","twitter_card":"summary_large_image","twitter_misc":{"Est. tempo de leitura":"3 minutos"},"schema":{"@context":"https:\/\/schema.org","@graph":[{"@type":"WebPage","@id":"https:\/\/andreapanzera.com\/become-oceanic","url":"https:\/\/andreapanzera.com\/become-oceanic","name":"BECOME OCEANIC - Andrea Panzera","isPartOf":{"@id":"https:\/\/andreapanzera.com\/#website"},"datePublished":"2023-08-13T15:48:25+00:00","dateModified":"2024-05-06T22:12:02+00:00","breadcrumb":{"@id":"https:\/\/andreapanzera.com\/become-oceanic#breadcrumb"},"inLanguage":"pt-BR","potentialAction":[{"@type":"ReadAction","target":["https:\/\/andreapanzera.com\/become-oceanic"]}]},{"@type":"BreadcrumbList","@id":"https:\/\/andreapanzera.com\/become-oceanic#breadcrumb","itemListElement":[{"@type":"ListItem","position":1,"name":"Home","item":"https:\/\/andreapanzera.com\/"},{"@type":"ListItem","position":2,"name":"BECOME OCEANIC"}]},{"@type":"WebSite","@id":"https:\/\/andreapanzera.com\/#website","url":"https:\/\/andreapanzera.com\/","name":"Andrea Panzera","description":"","potentialAction":[{"@type":"SearchAction","target":{"@type":"EntryPoint","urlTemplate":"https:\/\/andreapanzera.com\/?s={search_term_string}"},"query-input":"required name=search_term_string"}],"inLanguage":"pt-BR"}]}},"_links":{"self":[{"href":"https:\/\/andreapanzera.com\/pt\/wp-json\/wp\/v2\/pages\/231872","targetHints":{"allow":["GET"]}}],"collection":[{"href":"https:\/\/andreapanzera.com\/pt\/wp-json\/wp\/v2\/pages"}],"about":[{"href":"https:\/\/andreapanzera.com\/pt\/wp-json\/wp\/v2\/types\/page"}],"author":[{"embeddable":true,"href":"https:\/\/andreapanzera.com\/pt\/wp-json\/wp\/v2\/users\/1"}],"replies":[{"embeddable":true,"href":"https:\/\/andreapanzera.com\/pt\/wp-json\/wp\/v2\/comments?post=231872"}],"version-history":[{"count":49,"href":"https:\/\/andreapanzera.com\/pt\/wp-json\/wp\/v2\/pages\/231872\/revisions"}],"predecessor-version":[{"id":234306,"href":"https:\/\/andreapanzera.com\/pt\/wp-json\/wp\/v2\/pages\/231872\/revisions\/234306"}],"wp:attachment":[{"href":"https:\/\/andreapanzera.com\/pt\/wp-json\/wp\/v2\/media?parent=231872"}],"curies":[{"name":"wp","href":"https:\/\/api.w.org\/{rel}","templated":true}]}}