{"id":231789,"date":"2023-08-13T14:45:06","date_gmt":"2023-08-13T14:45:06","guid":{"rendered":"http:\/\/andreapanzera.com\/?page_id=231789"},"modified":"2024-01-14T18:30:16","modified_gmt":"2024-01-14T18:30:16","slug":"between-life-death","status":"publish","type":"page","link":"https:\/\/andreapanzera.com\/pt\/between-life-death","title":{"rendered":"Between Life &#038; Death"},"content":{"rendered":"<div data-elementor-type=\"wp-page\" data-elementor-id=\"231789\" class=\"elementor elementor-231789\" data-elementor-post-type=\"page\">\n\t\t\t\t\t\t<section class=\"elementor-section elementor-top-section elementor-element elementor-element-186e8ee6 elementor-section-full_width elementor-section-height-min-height elementor-section-stretched elementor-section-height-default elementor-section-items-middle\" data-id=\"186e8ee6\" data-element_type=\"section\" data-settings=\"{&quot;stretch_section&quot;:&quot;section-stretched&quot;,&quot;background_background&quot;:&quot;classic&quot;,&quot;shape_divider_bottom&quot;:&quot;opacity-fan&quot;}\">\n\t\t\t\t\t<div class=\"elementor-shape elementor-shape-bottom\" data-negative=\"false\">\n\t\t\t<svg xmlns=\"http:\/\/www.w3.org\/2000\/svg\" viewbox=\"0 0 283.5 19.6\" preserveaspectratio=\"none\">\n\t<path class=\"elementor-shape-fill\" style=\"opacity:0.33\" d=\"M0 0L0 18.8 141.8 4.1 283.5 18.8 283.5 0z\"\/>\n\t<path class=\"elementor-shape-fill\" style=\"opacity:0.33\" d=\"M0 0L0 12.6 141.8 4 283.5 12.6 283.5 0z\"\/>\n\t<path class=\"elementor-shape-fill\" style=\"opacity:0.33\" d=\"M0 0L0 6.4 141.8 4 283.5 6.4 283.5 0z\"\/>\n\t<path class=\"elementor-shape-fill\" d=\"M0 0L0 1.2 141.8 4 283.5 1.2 283.5 0z\"\/>\n<\/svg>\t\t<\/div>\n\t\t\t\t\t<div class=\"elementor-container elementor-column-gap-default\">\n\t\t\t\t\t<div class=\"elementor-column elementor-col-100 elementor-top-column elementor-element elementor-element-41b96a46\" data-id=\"41b96a46\" data-element_type=\"column\">\n\t\t\t<div class=\"elementor-widget-wrap\">\n\t\t\t\t\t\t\t<\/div>\n\t\t<\/div>\n\t\t\t\t\t<\/div>\n\t\t<\/section>\n\t\t\t\t<section class=\"elementor-section elementor-top-section elementor-element elementor-element-7df9b361 elementor-section-stretched elementor-section-boxed elementor-section-height-default elementor-section-height-default\" data-id=\"7df9b361\" data-element_type=\"section\" data-settings=\"{&quot;background_background&quot;:&quot;classic&quot;,&quot;stretch_section&quot;:&quot;section-stretched&quot;,&quot;shape_divider_top&quot;:&quot;opacity-fan&quot;}\">\n\t\t\t\t\t\t\t<div class=\"elementor-background-overlay\"><\/div>\n\t\t\t\t\t\t<div class=\"elementor-shape elementor-shape-top\" data-negative=\"false\">\n\t\t\t<svg xmlns=\"http:\/\/www.w3.org\/2000\/svg\" viewbox=\"0 0 283.5 19.6\" preserveaspectratio=\"none\">\n\t<path class=\"elementor-shape-fill\" style=\"opacity:0.33\" d=\"M0 0L0 18.8 141.8 4.1 283.5 18.8 283.5 0z\"\/>\n\t<path class=\"elementor-shape-fill\" style=\"opacity:0.33\" d=\"M0 0L0 12.6 141.8 4 283.5 12.6 283.5 0z\"\/>\n\t<path class=\"elementor-shape-fill\" style=\"opacity:0.33\" d=\"M0 0L0 6.4 141.8 4 283.5 6.4 283.5 0z\"\/>\n\t<path class=\"elementor-shape-fill\" d=\"M0 0L0 1.2 141.8 4 283.5 1.2 283.5 0z\"\/>\n<\/svg>\t\t<\/div>\n\t\t\t\t\t<div class=\"elementor-container elementor-column-gap-default\">\n\t\t\t\t\t<div class=\"elementor-column elementor-col-100 elementor-top-column elementor-element elementor-element-221829a2\" data-id=\"221829a2\" data-element_type=\"column\" data-settings=\"{&quot;background_background&quot;:&quot;classic&quot;}\">\n\t\t\t<div class=\"elementor-widget-wrap elementor-element-populated\">\n\t\t\t\t\t\t<section class=\"elementor-section elementor-inner-section elementor-element elementor-element-1f6ad815 elementor-section-boxed elementor-section-height-default elementor-section-height-default\" data-id=\"1f6ad815\" data-element_type=\"section\">\n\t\t\t\t\t\t<div class=\"elementor-container elementor-column-gap-default\">\n\t\t\t\t\t<div class=\"elementor-column elementor-col-100 elementor-inner-column elementor-element elementor-element-936331c\" data-id=\"936331c\" data-element_type=\"column\">\n\t\t\t<div class=\"elementor-widget-wrap elementor-element-populated\">\n\t\t\t\t\t\t<div class=\"elementor-element elementor-element-10b3174e animated-fast elementor-invisible elementor-widget elementor-widget-heading\" data-id=\"10b3174e\" data-element_type=\"widget\" data-settings=\"{&quot;_animation&quot;:&quot;fadeIn&quot;,&quot;_animation_delay&quot;:600}\" data-widget_type=\"heading.default\">\n\t\t\t\t<div class=\"elementor-widget-container\">\n\t\t\t<style>\/*! elementor - v3.21.0 - 20-05-2024 *\/\n.elementor-heading-title{padding:0;margin:0;line-height:1}.elementor-widget-heading .elementor-heading-title[class*=elementor-size-]>a{color:inherit;font-size:inherit;line-height:inherit}.elementor-widget-heading .elementor-heading-title.elementor-size-small{font-size:15px}.elementor-widget-heading .elementor-heading-title.elementor-size-medium{font-size:19px}.elementor-widget-heading .elementor-heading-title.elementor-size-large{font-size:29px}.elementor-widget-heading .elementor-heading-title.elementor-size-xl{font-size:39px}.elementor-widget-heading .elementor-heading-title.elementor-size-xxl{font-size:59px}<\/style><h2 class=\"elementor-heading-title elementor-size-default\">Entre a vida e a morte<\/h2>\t\t<\/div>\n\t\t\t\t<\/div>\n\t\t\t\t<div class=\"elementor-element elementor-element-4d1e9b36 animated-fast elementor-invisible elementor-widget elementor-widget-text-editor\" data-id=\"4d1e9b36\" data-element_type=\"widget\" data-settings=\"{&quot;_animation&quot;:&quot;fadeInDown&quot;}\" data-widget_type=\"text-editor.default\">\n\t\t\t\t<div class=\"elementor-widget-container\">\n\t\t\t<style>\/*! elementor - v3.21.0 - 20-05-2024 *\/\n.elementor-widget-text-editor.elementor-drop-cap-view-stacked .elementor-drop-cap{background-color:#69727d;color:#fff}.elementor-widget-text-editor.elementor-drop-cap-view-framed .elementor-drop-cap{color:#69727d;border:3px solid;background-color:transparent}.elementor-widget-text-editor:not(.elementor-drop-cap-view-default) .elementor-drop-cap{margin-top:8px}.elementor-widget-text-editor:not(.elementor-drop-cap-view-default) .elementor-drop-cap-letter{width:1em;height:1em}.elementor-widget-text-editor .elementor-drop-cap{float:left;text-align:center;line-height:1;font-size:50px}.elementor-widget-text-editor .elementor-drop-cap-letter{display:inline-block}<\/style>\t\t\t\t<p><strong>Explore o profundo reino entre a vida e a morte:<\/strong><\/p>\t\t\t\t\t\t<\/div>\n\t\t\t\t<\/div>\n\t\t\t\t<div class=\"elementor-element elementor-element-1f7a0d63 animated-fast elementor-invisible elementor-widget elementor-widget-text-editor\" data-id=\"1f7a0d63\" data-element_type=\"widget\" data-settings=\"{&quot;_animation_delay&quot;:200,&quot;_animation&quot;:&quot;fadeInUp&quot;}\" data-widget_type=\"text-editor.default\">\n\t\t\t\t<div class=\"elementor-widget-container\">\n\t\t\t\t\t\t\t<p>Viaje conosco para o espa\u00e7o enigm\u00e1tico que fica entre a vida e a morte, onde a orienta\u00e7\u00e3o compassiva e a explora\u00e7\u00e3o perspicaz revelam os mist\u00e9rios da exist\u00eancia. Aqui, n\u00f3s nos aprofundamos, buscando compreens\u00e3o, consolo e uma maior aprecia\u00e7\u00e3o da profunda jornada que espera por todos n\u00f3s.<\/p>\t\t\t\t\t\t<\/div>\n\t\t\t\t<\/div>\n\t\t\t\t\t<\/div>\n\t\t<\/div>\n\t\t\t\t\t<\/div>\n\t\t<\/section>\n\t\t\t\t<div class=\"elementor-element elementor-element-7afed27e animated-fast elementor-invisible elementor-widget elementor-widget-text-editor\" data-id=\"7afed27e\" data-element_type=\"widget\" data-settings=\"{&quot;_animation&quot;:&quot;fadeInDown&quot;}\" data-widget_type=\"text-editor.default\">\n\t\t\t\t<div class=\"elementor-widget-container\">\n\t\t\t\t\t\t\t<p><strong>Guiado pela compaix\u00e3o:<\/strong><\/p>\t\t\t\t\t\t<\/div>\n\t\t\t\t<\/div>\n\t\t\t\t<div class=\"elementor-element elementor-element-2ed92673 elementor-invisible elementor-widget elementor-widget-text-editor\" data-id=\"2ed92673\" data-element_type=\"widget\" data-settings=\"{&quot;_animation_delay&quot;:600,&quot;_animation&quot;:&quot;fadeInUp&quot;}\" data-widget_type=\"text-editor.default\">\n\t\t\t\t<div class=\"elementor-widget-container\">\n\t\t\t\t\t\t\t<p>Nessa esfera, oferecemos orienta\u00e7\u00e3o compassiva, proporcionando um ambiente de apoio para que voc\u00ea navegue pelas perguntas e emo\u00e7\u00f5es que surgem ao contemplar a transi\u00e7\u00e3o mais significativa da vida. Estamos aqui para caminhar ao seu lado, oferecendo conforto e sabedoria enquanto voc\u00ea explora essa passagem transformadora.<\/p>\t\t\t\t\t\t<\/div>\n\t\t\t\t<\/div>\n\t\t\t\t<div class=\"elementor-element elementor-element-7e0a43f animated-fast elementor-invisible elementor-widget elementor-widget-text-editor\" data-id=\"7e0a43f\" data-element_type=\"widget\" data-settings=\"{&quot;_animation&quot;:&quot;fadeInDown&quot;}\" data-widget_type=\"text-editor.default\">\n\t\t\t\t<div class=\"elementor-widget-container\">\n\t\t\t\t\t\t\t<p><strong>Desvendando os mist\u00e9rios:<\/strong><\/p>\t\t\t\t\t\t<\/div>\n\t\t\t\t<\/div>\n\t\t\t\t<div class=\"elementor-element elementor-element-a941d31 elementor-invisible elementor-widget elementor-widget-text-editor\" data-id=\"a941d31\" data-element_type=\"widget\" data-settings=\"{&quot;_animation_delay&quot;:600,&quot;_animation&quot;:&quot;fadeInUp&quot;}\" data-widget_type=\"text-editor.default\">\n\t\t\t\t<div class=\"elementor-widget-container\">\n\t\t\t\t\t\t\t<p>Juntos, embarcamos em uma jornada de explora\u00e7\u00e3o, perscrutando o desconhecido com curiosidade e rever\u00eancia. Por meio de discuss\u00f5es perspicazes, exerc\u00edcios de reflex\u00e3o e um espa\u00e7o para contempla\u00e7\u00e3o, lan\u00e7amos luz sobre os enigmas que cercam a vida e a morte. N\u00f3s o incentivamos a fazer perguntas profundas, buscar compreens\u00e3o e encontrar sua pr\u00f3pria perspectiva \u00fanica dentro desse reino.<\/p>\t\t\t\t\t\t<\/div>\n\t\t\t\t<\/div>\n\t\t\t\t<div class=\"elementor-element elementor-element-c653e5b animated-fast elementor-invisible elementor-widget elementor-widget-text-editor\" data-id=\"c653e5b\" data-element_type=\"widget\" data-settings=\"{&quot;_animation&quot;:&quot;fadeInDown&quot;}\" data-widget_type=\"text-editor.default\">\n\t\t\t\t<div class=\"elementor-widget-container\">\n\t\t\t\t\t\t\t<p><strong>Abra\u00e7ando a plenitude da vida:<\/strong><\/p>\t\t\t\t\t\t<\/div>\n\t\t\t\t<\/div>\n\t\t\t\t<div class=\"elementor-element elementor-element-fdab7d8 elementor-invisible elementor-widget elementor-widget-text-editor\" data-id=\"fdab7d8\" data-element_type=\"widget\" data-settings=\"{&quot;_animation_delay&quot;:600,&quot;_animation&quot;:&quot;fadeInUp&quot;}\" data-widget_type=\"text-editor.default\">\n\t\t\t\t<div class=\"elementor-widget-container\">\n\t\t\t\t\t\t\t<p>Ao nos envolvermos com os mist\u00e9rios da exist\u00eancia, adquirimos uma aprecia\u00e7\u00e3o mais profunda da preciosidade da pr\u00f3pria vida. Explorar os limites da mortalidade pode iluminar a beleza e a imperman\u00eancia de cada momento, lembrando-nos de viver plena e autenticamente. \u00c9 uma oportunidade de descobrir um profundo senso de gratid\u00e3o e de alinhar nossas escolhas com os valores mais importantes para n\u00f3s.<\/p>\t\t\t\t\t\t<\/div>\n\t\t\t\t<\/div>\n\t\t\t\t<div class=\"elementor-element elementor-element-c586673 animated-fast elementor-invisible elementor-widget elementor-widget-text-editor\" data-id=\"c586673\" data-element_type=\"widget\" data-settings=\"{&quot;_animation&quot;:&quot;fadeInDown&quot;}\" data-widget_type=\"text-editor.default\">\n\t\t\t\t<div class=\"elementor-widget-container\">\n\t\t\t\t\t\t\t<p><strong>Enfrentando as transi\u00e7\u00f5es com resili\u00eancia:<\/strong><\/p>\t\t\t\t\t\t<\/div>\n\t\t\t\t<\/div>\n\t\t\t\t<div class=\"elementor-element elementor-element-ab526e5 elementor-invisible elementor-widget elementor-widget-text-editor\" data-id=\"ab526e5\" data-element_type=\"widget\" data-settings=\"{&quot;_animation_delay&quot;:600,&quot;_animation&quot;:&quot;fadeInUp&quot;}\" data-widget_type=\"text-editor.default\">\n\t\t\t\t<div class=\"elementor-widget-container\">\n\t\t\t\t\t\t\t<p>Navegar no reino entre a vida e a morte nos ajuda a desenvolver a resili\u00eancia, n\u00e3o apenas em face da mortalidade, mas no enfrentamento das transi\u00e7\u00f5es da vida com gra\u00e7a e coragem. Ao abra\u00e7ar o desconhecido, encontramos for\u00e7a em nossa vulnerabilidade, forjando uma conex\u00e3o mais profunda com nosso eu interior e com aqueles que nos rodeiam. Andrea o ajudar\u00e1 a compreender seu momento, se for o momento de transi\u00e7\u00e3o ou a transi\u00e7\u00e3o de entes queridos, se voc\u00ea n\u00e3o estiver se sentindo bem ou mesmo se quiser integrar e entender profundamente as belas e integradas jornadas de nossos ciclos.<\/p>\t\t\t\t\t\t<\/div>\n\t\t\t\t<\/div>\n\t\t\t\t<div class=\"elementor-element elementor-element-0fbaaef animated-fast elementor-invisible elementor-widget elementor-widget-text-editor\" data-id=\"0fbaaef\" data-element_type=\"widget\" data-settings=\"{&quot;_animation&quot;:&quot;fadeInDown&quot;}\" data-widget_type=\"text-editor.default\">\n\t\t\t\t<div class=\"elementor-widget-container\">\n\t\t\t\t\t\t\t<p><strong>Junte-se \u00e0 jornada:<\/strong><\/p>\t\t\t\t\t\t<\/div>\n\t\t\t\t<\/div>\n\t\t\t\t<div class=\"elementor-element elementor-element-8313b84 elementor-invisible elementor-widget elementor-widget-text-editor\" data-id=\"8313b84\" data-element_type=\"widget\" data-settings=\"{&quot;_animation_delay&quot;:600,&quot;_animation&quot;:&quot;fadeInUp&quot;}\" data-widget_type=\"text-editor.default\">\n\t\t\t\t<div class=\"elementor-widget-container\">\n\t\t\t\t\t\t\t<p>A explora\u00e7\u00e3o dos mist\u00e9rios da vida \u00e9 uma experi\u00eancia humana compartilhada, e n\u00f3s o convidamos a se juntar a n\u00f3s nessa jornada significativa. Quer esteja buscando conforto, compreens\u00e3o ou simplesmente um espa\u00e7o para refletir, nosso programa foi criado para honrar seu caminho individual e promover uma comunidade solid\u00e1ria de buscadores.<\/p><p>Juntos, vamos explorar o profundo reino entre a vida e a morte, descobrindo percep\u00e7\u00f5es, encontrando consolo e enriquecendo nossa aprecia\u00e7\u00e3o pela bela e intrincada tape\u00e7aria da exist\u00eancia.<\/p><p>N\u00e3o hesite em entrar em contato com Andrea para obter detalhes sobre o programa <strong>Entre a Vida &amp; a Morte<\/strong>.<\/p><p>\u00a0Estamos enviando Amor - Sa\u00fade &amp; Prosperidade.<\/p>\t\t\t\t\t\t<\/div>\n\t\t\t\t<\/div>\n\t\t\t\t<div class=\"elementor-element elementor-element-8193fdd elementor-widget elementor-widget-button\" data-id=\"8193fdd\" data-element_type=\"widget\" data-widget_type=\"button.default\">\n\t\t\t\t<div class=\"elementor-widget-container\">\n\t\t\t\t\t<div class=\"elementor-button-wrapper\">\n\t\t\t<a class=\"elementor-button elementor-button-link elementor-size-sm\" href=\"https:\/\/andreapanzera.com\/pt\/connect\/\">\n\t\t\t\t\t\t<span class=\"elementor-button-content-wrapper\">\n\t\t\t\t\t\t\t\t\t<span class=\"elementor-button-text\">Vamos nos conectar<\/span>\n\t\t\t\t\t<\/span>\n\t\t\t\t\t<\/a>\n\t\t<\/div>\n\t\t\t\t<\/div>\n\t\t\t\t<\/div>\n\t\t\t\t<div class=\"elementor-element elementor-element-c8b68b6 elementor-widget elementor-widget-spacer\" data-id=\"c8b68b6\" data-element_type=\"widget\" data-widget_type=\"spacer.default\">\n\t\t\t\t<div class=\"elementor-widget-container\">\n\t\t\t<style>\/*! elementor - v3.21.0 - 20-05-2024 *\/\n.elementor-column .elementor-spacer-inner{height:var(--spacer-size)}.e-con{--container-widget-width:100%}.e-con-inner>.elementor-widget-spacer,.e-con>.elementor-widget-spacer{width:var(--container-widget-width,var(--spacer-size));--align-self:var(--container-widget-align-self,initial);--flex-shrink:0}.e-con-inner>.elementor-widget-spacer>.elementor-widget-container,.e-con>.elementor-widget-spacer>.elementor-widget-container{height:100%;width:100%}.e-con-inner>.elementor-widget-spacer>.elementor-widget-container>.elementor-spacer,.e-con>.elementor-widget-spacer>.elementor-widget-container>.elementor-spacer{height:100%}.e-con-inner>.elementor-widget-spacer>.elementor-widget-container>.elementor-spacer>.elementor-spacer-inner,.e-con>.elementor-widget-spacer>.elementor-widget-container>.elementor-spacer>.elementor-spacer-inner{height:var(--container-widget-height,var(--spacer-size))}.e-con-inner>.elementor-widget-spacer.elementor-widget-empty,.e-con>.elementor-widget-spacer.elementor-widget-empty{position:relative;min-height:22px;min-width:22px}.e-con-inner>.elementor-widget-spacer.elementor-widget-empty .elementor-widget-empty-icon,.e-con>.elementor-widget-spacer.elementor-widget-empty .elementor-widget-empty-icon{position:absolute;top:0;bottom:0;left:0;right:0;margin:auto;padding:0;width:22px;height:22px}<\/style>\t\t<div class=\"elementor-spacer\">\n\t\t\t<div class=\"elementor-spacer-inner\"><\/div>\n\t\t<\/div>\n\t\t\t\t<\/div>\n\t\t\t\t<\/div>\n\t\t\t\t\t<\/div>\n\t\t<\/div>\n\t\t\t\t\t<\/div>\n\t\t<\/section>\n\t\t\t\t<\/div>","protected":false},"excerpt":{"rendered":"<p>Between Life And Death Explore the Profound Realm Between Life and Death: Journey with us into the enigmatic space that lies between life and death, where compassionate guidance and insightful exploration unveil the mysteries of existence. Here, we delve deeper, seeking understanding, solace, and a heightened appreciation for the profound journey that awaits us all. [&hellip;]<\/p>","protected":false},"author":1,"featured_media":0,"parent":0,"menu_order":0,"comment_status":"closed","ping_status":"closed","template":"elementor_header_footer","meta":{"site-sidebar-layout":"no-sidebar","site-content-layout":"page-builder","ast-site-content-layout":"","site-content-style":"default","site-sidebar-style":"default","ast-global-header-display":"","ast-banner-title-visibility":"","ast-main-header-display":"","ast-hfb-above-header-display":"","ast-hfb-below-header-display":"","ast-hfb-mobile-header-display":"","site-post-title":"disabled","ast-breadcrumbs-content":"","ast-featured-img":"disabled","footer-sml-layout":"","theme-transparent-header-meta":"","adv-header-id-meta":"","stick-header-meta":"","header-above-stick-meta":"","header-main-stick-meta":"","header-below-stick-meta":"","astra-migrate-meta-layouts":"default","ast-page-background-enabled":"default","ast-page-background-meta":{"desktop":{"background-color":"var(--ast-global-color-4)","background-image":"","background-repeat":"repeat","background-position":"center center","background-size":"auto","background-attachment":"scroll","background-type":"","background-media":"","overlay-type":"","overlay-color":"","overlay-gradient":""},"tablet":{"background-color":"","background-image":"","background-repeat":"repeat","background-position":"center center","background-size":"auto","background-attachment":"scroll","background-type":"","background-media":"","overlay-type":"","overlay-color":"","overlay-gradient":""},"mobile":{"background-color":"","background-image":"","background-repeat":"repeat","background-position":"center center","background-size":"auto","background-attachment":"scroll","background-type":"","background-media":"","overlay-type":"","overlay-color":"","overlay-gradient":""}},"ast-content-background-meta":{"desktop":{"background-color":"var(--ast-global-color-5)","background-image":"","background-repeat":"repeat","background-position":"center center","background-size":"auto","background-attachment":"scroll","background-type":"","background-media":"","overlay-type":"","overlay-color":"","overlay-gradient":""},"tablet":{"background-color":"var(--ast-global-color-5)","background-image":"","background-repeat":"repeat","background-position":"center center","background-size":"auto","background-attachment":"scroll","background-type":"","background-media":"","overlay-type":"","overlay-color":"","overlay-gradient":""},"mobile":{"background-color":"var(--ast-global-color-5)","background-image":"","background-repeat":"repeat","background-position":"center center","background-size":"auto","background-attachment":"scroll","background-type":"","background-media":"","overlay-type":"","overlay-color":"","overlay-gradient":""}},"footnotes":""},"class_list":["post-231789","page","type-page","status-publish","hentry"],"yoast_head":"<!-- This site is optimized with the Yoast SEO plugin v22.7 - https:\/\/yoast.com\/wordpress\/plugins\/seo\/ -->\n<title>Between Life &amp; Death - Andrea Panzera<\/title>\n<meta name=\"robots\" content=\"index, follow, max-snippet:-1, max-image-preview:large, max-video-preview:-1\" \/>\n<link rel=\"canonical\" href=\"https:\/\/andreapanzera.com\/pt\/between-life-death\/\" \/>\n<meta property=\"og:locale\" content=\"pt_BR\" \/>\n<meta property=\"og:type\" content=\"article\" \/>\n<meta property=\"og:title\" content=\"Between Life &amp; Death - Andrea Panzera\" \/>\n<meta property=\"og:description\" content=\"Between Life And Death Explore the Profound Realm Between Life and Death: Journey with us into the enigmatic space that lies between life and death, where compassionate guidance and insightful exploration unveil the mysteries of existence. Here, we delve deeper, seeking understanding, solace, and a heightened appreciation for the profound journey that awaits us all. [&hellip;]\" \/>\n<meta property=\"og:url\" content=\"https:\/\/andreapanzera.com\/pt\/between-life-death\/\" \/>\n<meta property=\"og:site_name\" content=\"Andrea Panzera\" \/>\n<meta property=\"article:modified_time\" content=\"2024-01-14T18:30:16+00:00\" \/>\n<meta name=\"twitter:card\" content=\"summary_large_image\" \/>\n<meta name=\"twitter:label1\" content=\"Est. tempo de leitura\" \/>\n\t<meta name=\"twitter:data1\" content=\"2 minutos\" \/>\n<script type=\"application\/ld+json\" class=\"yoast-schema-graph\">{\"@context\":\"https:\/\/schema.org\",\"@graph\":[{\"@type\":\"WebPage\",\"@id\":\"https:\/\/andreapanzera.com\/between-life-death\",\"url\":\"https:\/\/andreapanzera.com\/between-life-death\",\"name\":\"Between Life & Death - Andrea Panzera\",\"isPartOf\":{\"@id\":\"https:\/\/andreapanzera.com\/#website\"},\"datePublished\":\"2023-08-13T14:45:06+00:00\",\"dateModified\":\"2024-01-14T18:30:16+00:00\",\"breadcrumb\":{\"@id\":\"https:\/\/andreapanzera.com\/between-life-death#breadcrumb\"},\"inLanguage\":\"pt-BR\",\"potentialAction\":[{\"@type\":\"ReadAction\",\"target\":[\"https:\/\/andreapanzera.com\/between-life-death\"]}]},{\"@type\":\"BreadcrumbList\",\"@id\":\"https:\/\/andreapanzera.com\/between-life-death#breadcrumb\",\"itemListElement\":[{\"@type\":\"ListItem\",\"position\":1,\"name\":\"Home\",\"item\":\"https:\/\/andreapanzera.com\/\"},{\"@type\":\"ListItem\",\"position\":2,\"name\":\"Between Life &#038; Death\"}]},{\"@type\":\"WebSite\",\"@id\":\"https:\/\/andreapanzera.com\/#website\",\"url\":\"https:\/\/andreapanzera.com\/\",\"name\":\"Andrea Panzera\",\"description\":\"\",\"potentialAction\":[{\"@type\":\"SearchAction\",\"target\":{\"@type\":\"EntryPoint\",\"urlTemplate\":\"https:\/\/andreapanzera.com\/?s={search_term_string}\"},\"query-input\":\"required name=search_term_string\"}],\"inLanguage\":\"pt-BR\"}]}<\/script>\n<!-- \/ Yoast SEO plugin. -->","yoast_head_json":{"title":"Between Life & Death - Andrea Panzera","robots":{"index":"index","follow":"follow","max-snippet":"max-snippet:-1","max-image-preview":"max-image-preview:large","max-video-preview":"max-video-preview:-1"},"canonical":"https:\/\/andreapanzera.com\/pt\/between-life-death\/","og_locale":"pt_BR","og_type":"article","og_title":"Between Life & Death - Andrea Panzera","og_description":"Between Life And Death Explore the Profound Realm Between Life and Death: Journey with us into the enigmatic space that lies between life and death, where compassionate guidance and insightful exploration unveil the mysteries of existence. Here, we delve deeper, seeking understanding, solace, and a heightened appreciation for the profound journey that awaits us all. [&hellip;]","og_url":"https:\/\/andreapanzera.com\/pt\/between-life-death\/","og_site_name":"Andrea Panzera","article_modified_time":"2024-01-14T18:30:16+00:00","twitter_card":"summary_large_image","twitter_misc":{"Est. tempo de leitura":"2 minutos"},"schema":{"@context":"https:\/\/schema.org","@graph":[{"@type":"WebPage","@id":"https:\/\/andreapanzera.com\/between-life-death","url":"https:\/\/andreapanzera.com\/between-life-death","name":"Between Life & Death - Andrea Panzera","isPartOf":{"@id":"https:\/\/andreapanzera.com\/#website"},"datePublished":"2023-08-13T14:45:06+00:00","dateModified":"2024-01-14T18:30:16+00:00","breadcrumb":{"@id":"https:\/\/andreapanzera.com\/between-life-death#breadcrumb"},"inLanguage":"pt-BR","potentialAction":[{"@type":"ReadAction","target":["https:\/\/andreapanzera.com\/between-life-death"]}]},{"@type":"BreadcrumbList","@id":"https:\/\/andreapanzera.com\/between-life-death#breadcrumb","itemListElement":[{"@type":"ListItem","position":1,"name":"Home","item":"https:\/\/andreapanzera.com\/"},{"@type":"ListItem","position":2,"name":"Between Life &#038; Death"}]},{"@type":"WebSite","@id":"https:\/\/andreapanzera.com\/#website","url":"https:\/\/andreapanzera.com\/","name":"Andrea Panzera","description":"","potentialAction":[{"@type":"SearchAction","target":{"@type":"EntryPoint","urlTemplate":"https:\/\/andreapanzera.com\/?s={search_term_string}"},"query-input":"required name=search_term_string"}],"inLanguage":"pt-BR"}]}},"_links":{"self":[{"href":"https:\/\/andreapanzera.com\/pt\/wp-json\/wp\/v2\/pages\/231789","targetHints":{"allow":["GET"]}}],"collection":[{"href":"https:\/\/andreapanzera.com\/pt\/wp-json\/wp\/v2\/pages"}],"about":[{"href":"https:\/\/andreapanzera.com\/pt\/wp-json\/wp\/v2\/types\/page"}],"author":[{"embeddable":true,"href":"https:\/\/andreapanzera.com\/pt\/wp-json\/wp\/v2\/users\/1"}],"replies":[{"embeddable":true,"href":"https:\/\/andreapanzera.com\/pt\/wp-json\/wp\/v2\/comments?post=231789"}],"version-history":[{"count":55,"href":"https:\/\/andreapanzera.com\/pt\/wp-json\/wp\/v2\/pages\/231789\/revisions"}],"predecessor-version":[{"id":233679,"href":"https:\/\/andreapanzera.com\/pt\/wp-json\/wp\/v2\/pages\/231789\/revisions\/233679"}],"wp:attachment":[{"href":"https:\/\/andreapanzera.com\/pt\/wp-json\/wp\/v2\/media?parent=231789"}],"curies":[{"name":"wp","href":"https:\/\/api.w.org\/{rel}","templated":true}]}}